{"id":72886,"date":"2024-03-22T23:19:52","date_gmt":"2024-03-22T22:19:52","guid":{"rendered":"https:\/\/abinox-chr-clim.com\/index.php\/product\/veste-de-cuisine-mixte-whites-vegas-manches-longues-noire-l\/"},"modified":"2026-04-02T08:24:15","modified_gmt":"2026-04-02T06:24:15","slug":"veste-de-cuisine-mixte-whites-vegas-manches-longues-noire-l","status":"publish","type":"product","link":"https:\/\/abinox-chr-clim.com\/index.php\/product\/veste-de-cuisine-mixte-whites-vegas-manches-longues-noire-l\/","title":{"rendered":"Veste de cuisine mixte Whites Vegas manches longues noire L"},"content":{"rendered":"<p>Les vestes mixtes simples, durables et confortables offrent un excellent rapport qualit\u00e9 \/ prix et des performances sup\u00e9rieures dans tout environnement de cuisine. Veste crois\u00e9e avec des coutures doubles solides.<br \/>En polycoton offrant une excellente durabilit\u00e9. Les fermetures \u00e0 pression en acier inoxydable assurent une mise s\u00fbre. Les coutures doubles aident \u00e0 r\u00e9duire le risque de d\u00e9chirures ou de trous. Manches longues pour prot\u00e9ger les avant-bras. La couleur noire aide \u00e0 cacher les taches ind\u00e9sirables tout en offrant une apparence assur\u00e9e et sophistiqu\u00e9e. Le style unisexe permet une utilisation avec de nombreux membres du personnel. Broderie disponible. Convient pour le blanchissage commercial. Polycoton &#8211; 80 % polyester, 20 % coton. Polycoton &#8211; 80 % polyester, 20 % coton. En polycoton offrant une excellente durabilit\u00e9.<\/p>\n<p>Caract\u00e9ristiques :<br \/> Tour de poitrine : 112cm-117cm.<br \/> Mati\u00e8re : Polycoton.<br \/> Poids du tissu : 235g\/m\u00b2.<br \/> Couleur : Noir.<\/p>\n","protected":false},"excerpt":{"rendered":"<p>Veste de cuisine mixte Whites Vegas manches longues noire L<\/p>\n","protected":false},"featured_media":73763,"comment_status":"closed","ping_status":"closed","template":"","meta":[],"product_brand":[],"product_cat":[1297,1262,1268,1257],"product_tag":[],"class_list":{"0":"post-72886","1":"product","2":"type-product","3":"status-publish","4":"has-post-thumbnail","6":"product_cat-non-palettisable","7":"product_cat-tenues-de-cuisine","8":"product_cat-vestes-de-cuisine","9":"product_cat-vetements-et-chaussures","10":"product_shipping_class-free-shipping","12":"first","13":"instock","14":"featured","15":"taxable","16":"shipping-taxable","17":"purchasable","18":"product-type-simple"},"_links":{"self":[{"href":"https:\/\/abinox-chr-clim.com\/index.php\/wp-json\/wp\/v2\/product\/72886","targetHints":{"allow":["GET"]}}],"collection":[{"href":"https:\/\/abinox-chr-clim.com\/index.php\/wp-json\/wp\/v2\/product"}],"about":[{"href":"https:\/\/abinox-chr-clim.com\/index.php\/wp-json\/wp\/v2\/types\/product"}],"replies":[{"embeddable":true,"href":"https:\/\/abinox-chr-clim.com\/index.php\/wp-json\/wp\/v2\/comments?post=72886"}],"wp:featuredmedia":[{"embeddable":true,"href":"https:\/\/abinox-chr-clim.com\/index.php\/wp-json\/wp\/v2\/media\/73763"}],"wp:attachment":[{"href":"https:\/\/abinox-chr-clim.com\/index.php\/wp-json\/wp\/v2\/media?parent=72886"}],"wp:term":[{"taxonomy":"product_brand","embeddable":true,"href":"https:\/\/abinox-chr-clim.com\/index.php\/wp-json\/wp\/v2\/product_brand?post=72886"},{"taxonomy":"product_cat","embeddable":true,"href":"https:\/\/abinox-chr-clim.com\/index.php\/wp-json\/wp\/v2\/product_cat?post=72886"},{"taxonomy":"product_tag","embeddable":true,"href":"https:\/\/abinox-chr-clim.com\/index.php\/wp-json\/wp\/v2\/product_tag?post=72886"}],"curies":[{"name":"wp","href":"https:\/\/api.w.org\/{rel}","templated":true}]}}