{"id":72882,"date":"2024-03-22T23:19:51","date_gmt":"2024-03-22T22:19:51","guid":{"rendered":"https:\/\/abinox-chr-clim.com\/index.php\/product\/veste-de-cuisine-mixte-le-mans-chef-works-blanche-s\/"},"modified":"2026-04-02T08:24:10","modified_gmt":"2026-04-02T06:24:10","slug":"veste-de-cuisine-mixte-le-mans-chef-works-blanche-s","status":"publish","type":"product","link":"https:\/\/abinox-chr-clim.com\/index.php\/product\/veste-de-cuisine-mixte-le-mans-chef-works-blanche-s\/","title":{"rendered":"Veste de cuisine mixte Le Mans Chef Works blanche S"},"content":{"rendered":"<p>De coupe classique, cette veste mixte avec fermeture \u00e0 boutons et coutures double \u00e9paisseur offre durabilit\u00e9 et confort.<br \/>Boutons nacr\u00e9s cousus. Poche poitrine et poche thermom\u00e8tre \u00e0 gauche. Crois\u00e9e. Manches \u00e0 retrousser. Coupe mixte. Manches longues. Coupe classique.Polyester-coton &#8211; 65% polyester, 35% coton. Boutons nacr\u00e9s cousus.<\/p>\n<p>Caract\u00e9ristiques :<br \/> Dimensions : Tour de poitrine 92 &#8211; 97cm.<br \/> Mati\u00e8re : 65% polyester 35% coton.<br \/> Poids du tissu : 170g\/m\u00b2.<br \/> Couleur : Blanc.<\/p>\n","protected":false},"excerpt":{"rendered":"<p>Veste de cuisine mixte Le Mans Chef Works blanche S<\/p>\n","protected":false},"featured_media":73630,"comment_status":"closed","ping_status":"closed","template":"","meta":[],"product_brand":[],"product_cat":[1297,1262,1268,1257],"product_tag":[],"class_list":{"0":"post-72882","1":"product","2":"type-product","3":"status-publish","4":"has-post-thumbnail","6":"product_cat-non-palettisable","7":"product_cat-tenues-de-cuisine","8":"product_cat-vestes-de-cuisine","9":"product_cat-vetements-et-chaussures","10":"product_shipping_class-free-shipping","12":"first","13":"instock","14":"featured","15":"taxable","16":"shipping-taxable","17":"purchasable","18":"product-type-simple"},"_links":{"self":[{"href":"https:\/\/abinox-chr-clim.com\/index.php\/wp-json\/wp\/v2\/product\/72882","targetHints":{"allow":["GET"]}}],"collection":[{"href":"https:\/\/abinox-chr-clim.com\/index.php\/wp-json\/wp\/v2\/product"}],"about":[{"href":"https:\/\/abinox-chr-clim.com\/index.php\/wp-json\/wp\/v2\/types\/product"}],"replies":[{"embeddable":true,"href":"https:\/\/abinox-chr-clim.com\/index.php\/wp-json\/wp\/v2\/comments?post=72882"}],"wp:featuredmedia":[{"embeddable":true,"href":"https:\/\/abinox-chr-clim.com\/index.php\/wp-json\/wp\/v2\/media\/73630"}],"wp:attachment":[{"href":"https:\/\/abinox-chr-clim.com\/index.php\/wp-json\/wp\/v2\/media?parent=72882"}],"wp:term":[{"taxonomy":"product_brand","embeddable":true,"href":"https:\/\/abinox-chr-clim.com\/index.php\/wp-json\/wp\/v2\/product_brand?post=72882"},{"taxonomy":"product_cat","embeddable":true,"href":"https:\/\/abinox-chr-clim.com\/index.php\/wp-json\/wp\/v2\/product_cat?post=72882"},{"taxonomy":"product_tag","embeddable":true,"href":"https:\/\/abinox-chr-clim.com\/index.php\/wp-json\/wp\/v2\/product_tag?post=72882"}],"curies":[{"name":"wp","href":"https:\/\/api.w.org\/{rel}","templated":true}]}}