{"id":72877,"date":"2024-03-22T23:19:49","date_gmt":"2024-03-22T22:19:49","guid":{"rendered":"https:\/\/abinox-chr-clim.com\/index.php\/product\/veste-de-cuisine-mixte-whites-vegas-manches-courtes-blanche-xl\/"},"modified":"2026-04-02T08:23:54","modified_gmt":"2026-04-02T06:23:54","slug":"veste-de-cuisine-mixte-whites-vegas-manches-courtes-blanche-xl","status":"publish","type":"product","link":"https:\/\/abinox-chr-clim.com\/index.php\/product\/veste-de-cuisine-mixte-whites-vegas-manches-courtes-blanche-xl\/","title":{"rendered":"Veste de cuisine mixte Whites Vegas manches courtes blanche XL"},"content":{"rendered":"<p>Vestes de cuisine mixtes, simples, durables et confortables offrant un excellent rapport qualit\u00e9 \/ prix et des performances sup\u00e9rieures dans tout environnement de cuisine. Forme crois\u00e9e avec des coutures doubles solides.<br \/>Le mat\u00e9riau en polycoton rend la veste r\u00e9sistante et facile \u00e0 entretenir. Les fermetures \u00e0 pression en acier inoxydable assurent une mise s\u00fbre. Les coutures doubles aident \u00e0 pr\u00e9venir les d\u00e9chirures ou les trous. La couleur blanche offre un aspect net et classique. Le coloris blanc permet \u00e9galement de repousser la chaleur dans les cuisines \u00e0 la chaleur accablante. Design \u00e0 double boutonnage offrant une protection suppl\u00e9mentaire contre les br\u00fblures. Le style \u00e0 double boutonnage permet \u00e0 la veste d&rsquo;\u00eatre mise \u00e0 l&rsquo;envers pour cacher les taches. Le design \u00e0 manches courtes am\u00e9liore la circulation de l&rsquo;air et maintient le personnel au frais. La coupe unisexe permet une utilisation avec tout le personnel. Convient pour un blanchissage commercial &#8211; le nettoyage est toujours simple. Broderie disponible. Le mat\u00e9riau en polycoton rend la veste r\u00e9sistante et facile \u00e0 entretenir.<\/p>\n<p>Caract\u00e9ristiques :<br \/> Tour de poitrine : 122 &#8211; 127cm.<br \/> Mati\u00e8re : Polycoton.<br \/> Poids du tissu : 245g\/m\u00b2.<br \/> Couleur : Blanc.<\/p>\n","protected":false},"excerpt":{"rendered":"<p>Veste de cuisine mixte Whites Vegas manches courtes blanche XL<\/p>\n","protected":false},"featured_media":73439,"comment_status":"closed","ping_status":"closed","template":"","meta":[],"product_brand":[],"product_cat":[1297,1262,1268,1257],"product_tag":[],"class_list":{"0":"post-72877","1":"product","2":"type-product","3":"status-publish","4":"has-post-thumbnail","6":"product_cat-non-palettisable","7":"product_cat-tenues-de-cuisine","8":"product_cat-vestes-de-cuisine","9":"product_cat-vetements-et-chaussures","10":"product_shipping_class-free-shipping","12":"first","13":"instock","14":"featured","15":"taxable","16":"shipping-taxable","17":"purchasable","18":"product-type-simple"},"_links":{"self":[{"href":"https:\/\/abinox-chr-clim.com\/index.php\/wp-json\/wp\/v2\/product\/72877","targetHints":{"allow":["GET"]}}],"collection":[{"href":"https:\/\/abinox-chr-clim.com\/index.php\/wp-json\/wp\/v2\/product"}],"about":[{"href":"https:\/\/abinox-chr-clim.com\/index.php\/wp-json\/wp\/v2\/types\/product"}],"replies":[{"embeddable":true,"href":"https:\/\/abinox-chr-clim.com\/index.php\/wp-json\/wp\/v2\/comments?post=72877"}],"wp:featuredmedia":[{"embeddable":true,"href":"https:\/\/abinox-chr-clim.com\/index.php\/wp-json\/wp\/v2\/media\/73439"}],"wp:attachment":[{"href":"https:\/\/abinox-chr-clim.com\/index.php\/wp-json\/wp\/v2\/media?parent=72877"}],"wp:term":[{"taxonomy":"product_brand","embeddable":true,"href":"https:\/\/abinox-chr-clim.com\/index.php\/wp-json\/wp\/v2\/product_brand?post=72877"},{"taxonomy":"product_cat","embeddable":true,"href":"https:\/\/abinox-chr-clim.com\/index.php\/wp-json\/wp\/v2\/product_cat?post=72877"},{"taxonomy":"product_tag","embeddable":true,"href":"https:\/\/abinox-chr-clim.com\/index.php\/wp-json\/wp\/v2\/product_tag?post=72877"}],"curies":[{"name":"wp","href":"https:\/\/api.w.org\/{rel}","templated":true}]}}