{"id":72857,"date":"2024-03-22T23:19:37","date_gmt":"2024-03-22T22:19:37","guid":{"rendered":"https:\/\/abinox-chr-clim.com\/index.php\/product\/t-shirt-mixte-blanc-m\/"},"modified":"2026-04-02T08:23:38","modified_gmt":"2026-04-02T06:23:38","slug":"t-shirt-mixte-blanc-m","status":"publish","type":"product","link":"https:\/\/abinox-chr-clim.com\/index.php\/product\/t-shirt-mixte-blanc-m\/","title":{"rendered":"T-Shirt mixte blanc M"},"content":{"rendered":"<p>100 % coton en maille piqu\u00e9e anti-d\u00e9formation, col en tricot c\u00f4tel\u00e9 et plaque de recouvrement d&rsquo;une \u00e9paule \u00e0 l&rsquo;autre confortables. Lavables en blanchisserie industrielle. Tailles M-XL. En noir et en blanc.<br \/>Col confortable. Coton 150g\/m\u00b2. Col confortable.<\/p>\n<p>Caract\u00e9ristiques :<br \/> Mati\u00e8re : 100% coton.<br \/> Poids du tissu : 150g\/m\u00b2.<br \/> Couleur : Blanc.<\/p>\n","protected":false},"excerpt":{"rendered":"<p>T-Shirt mixte blanc M<\/p>\n","protected":false},"featured_media":73316,"comment_status":"closed","ping_status":"closed","template":"","meta":[],"product_brand":[],"product_cat":[1297,1267,1262,1257],"product_tag":[],"class_list":{"0":"post-72857","1":"product","2":"type-product","3":"status-publish","4":"has-post-thumbnail","6":"product_cat-non-palettisable","7":"product_cat-t-shirts-et-polos","8":"product_cat-tenues-de-cuisine","9":"product_cat-vetements-et-chaussures","10":"product_shipping_class-free-shipping","12":"first","13":"instock","14":"featured","15":"taxable","16":"shipping-taxable","17":"purchasable","18":"product-type-simple"},"_links":{"self":[{"href":"https:\/\/abinox-chr-clim.com\/index.php\/wp-json\/wp\/v2\/product\/72857","targetHints":{"allow":["GET"]}}],"collection":[{"href":"https:\/\/abinox-chr-clim.com\/index.php\/wp-json\/wp\/v2\/product"}],"about":[{"href":"https:\/\/abinox-chr-clim.com\/index.php\/wp-json\/wp\/v2\/types\/product"}],"replies":[{"embeddable":true,"href":"https:\/\/abinox-chr-clim.com\/index.php\/wp-json\/wp\/v2\/comments?post=72857"}],"wp:featuredmedia":[{"embeddable":true,"href":"https:\/\/abinox-chr-clim.com\/index.php\/wp-json\/wp\/v2\/media\/73316"}],"wp:attachment":[{"href":"https:\/\/abinox-chr-clim.com\/index.php\/wp-json\/wp\/v2\/media?parent=72857"}],"wp:term":[{"taxonomy":"product_brand","embeddable":true,"href":"https:\/\/abinox-chr-clim.com\/index.php\/wp-json\/wp\/v2\/product_brand?post=72857"},{"taxonomy":"product_cat","embeddable":true,"href":"https:\/\/abinox-chr-clim.com\/index.php\/wp-json\/wp\/v2\/product_cat?post=72857"},{"taxonomy":"product_tag","embeddable":true,"href":"https:\/\/abinox-chr-clim.com\/index.php\/wp-json\/wp\/v2\/product_tag?post=72857"}],"curies":[{"name":"wp","href":"https:\/\/api.w.org\/{rel}","templated":true}]}}