{"id":72823,"date":"2024-03-22T23:19:22","date_gmt":"2024-03-22T22:19:22","guid":{"rendered":"https:\/\/abinox-chr-clim.com\/index.php\/product\/pantalon-de-cuisine-mixte-whites-vegas-petits-carreaux-bleus-et-blancs-s\/"},"modified":"2026-04-14T09:33:41","modified_gmt":"2026-04-14T07:33:41","slug":"pantalon-de-cuisine-mixte-whites-vegas-petits-carreaux-bleus-et-blancs-s","status":"publish","type":"product","link":"https:\/\/abinox-chr-clim.com\/index.php\/product\/pantalon-de-cuisine-mixte-whites-vegas-petits-carreaux-bleus-et-blancs-s\/","title":{"rendered":"Pantalon de cuisine mixte Whites Vegas petits carreaux bleus et blancs S"},"content":{"rendered":"<p>Simple, \u00e9l\u00e9gant et robuste, coupe ample pour un confort accru. Nettoyage facile sans aucun bouton susceptible de casser.<br \/>Le polycoton offre une excellente durabilit\u00e9 pour un usage prolong\u00e9. Le tissu l\u00e9ger aide \u00e0 garder le personnel au frais et \u00e0 l&rsquo;aise. Convient pour le lavage en machine. Les carreaux bleus et blancs aident \u00e0 masquer les taches. Ce design ajoute \u00e9galement une touche classique et unique \u00e0 votre service. La coupe classique assure un port confortable et \u00e9l\u00e9gant. Ceinture \u00e9lastique de 50 mm. Entrejambe 84cm.Le polycoton offre une excellente durabilit\u00e9 pour un usage prolong\u00e9.<\/p>\n<p>Caract\u00e9ristiques :<br \/> Dimensions : Tour de taille : 76 &#8211; 81cm. Entrejambe 84cm.<br \/> Mati\u00e8re : Polyester-coton.<br \/> Poids du tissu : 190g\/m\u00b2.<br \/> Couleur : Carreaux bleus.<\/p>\n","protected":false},"excerpt":{"rendered":"<p>Pantalon de cuisine mixte Whites Vegas petits carreaux bleus et blancs S<\/p>\n","protected":false},"featured_media":75873,"comment_status":"closed","ping_status":"closed","template":"","meta":[],"product_brand":[],"product_cat":[1297,1265,1262,1257],"product_tag":[],"class_list":{"0":"post-72823","1":"product","2":"type-product","3":"status-publish","4":"has-post-thumbnail","6":"product_cat-non-palettisable","7":"product_cat-pantalons-de-cuisine","8":"product_cat-tenues-de-cuisine","9":"product_cat-vetements-et-chaussures","10":"product_shipping_class-free-shipping","12":"first","13":"instock","14":"featured","15":"taxable","16":"shipping-taxable","17":"purchasable","18":"product-type-simple"},"_links":{"self":[{"href":"https:\/\/abinox-chr-clim.com\/index.php\/wp-json\/wp\/v2\/product\/72823","targetHints":{"allow":["GET"]}}],"collection":[{"href":"https:\/\/abinox-chr-clim.com\/index.php\/wp-json\/wp\/v2\/product"}],"about":[{"href":"https:\/\/abinox-chr-clim.com\/index.php\/wp-json\/wp\/v2\/types\/product"}],"replies":[{"embeddable":true,"href":"https:\/\/abinox-chr-clim.com\/index.php\/wp-json\/wp\/v2\/comments?post=72823"}],"wp:featuredmedia":[{"embeddable":true,"href":"https:\/\/abinox-chr-clim.com\/index.php\/wp-json\/wp\/v2\/media\/75873"}],"wp:attachment":[{"href":"https:\/\/abinox-chr-clim.com\/index.php\/wp-json\/wp\/v2\/media?parent=72823"}],"wp:term":[{"taxonomy":"product_brand","embeddable":true,"href":"https:\/\/abinox-chr-clim.com\/index.php\/wp-json\/wp\/v2\/product_brand?post=72823"},{"taxonomy":"product_cat","embeddable":true,"href":"https:\/\/abinox-chr-clim.com\/index.php\/wp-json\/wp\/v2\/product_cat?post=72823"},{"taxonomy":"product_tag","embeddable":true,"href":"https:\/\/abinox-chr-clim.com\/index.php\/wp-json\/wp\/v2\/product_tag?post=72823"}],"curies":[{"name":"wp","href":"https:\/\/api.w.org\/{rel}","templated":true}]}}