{"id":72787,"date":"2024-03-22T23:19:06","date_gmt":"2024-03-22T22:19:06","guid":{"rendered":"https:\/\/abinox-chr-clim.com\/index.php\/product\/tablier-bavette-enfant-whites-carreaux-noirs-et-blancs\/"},"modified":"2026-04-14T09:33:31","modified_gmt":"2026-04-14T07:33:31","slug":"tablier-bavette-enfant-whites-carreaux-noirs-et-blancs","status":"publish","type":"product","link":"https:\/\/abinox-chr-clim.com\/index.php\/product\/tablier-bavette-enfant-whites-carreaux-noirs-et-blancs\/","title":{"rendered":"Tablier bavette enfant Whites carreaux noirs et blancs"},"content":{"rendered":"<p>Donnez aux enfant le go\u00fbt de cuisiner avec ces tabliers pratiques en polyester-coton. Tour de cou r\u00e9glable pour un confort suppl\u00e9mentaire.<br \/>Tour de cou r\u00e9glable. Articles assortis disponibles. Tour de cou r\u00e9glable.<\/p>\n<p>Caract\u00e9ristiques :<br \/> Dimensions : 510(L) x 685(L) mm.<br \/> Mati\u00e8re : Polyester-coton.<br \/> Couleur : Noir et blanc.<\/p>\n","protected":false},"excerpt":{"rendered":"<p>Tablier bavette enfant Whites carreaux noirs et blancs<\/p>\n","protected":false},"featured_media":75976,"comment_status":"closed","ping_status":"closed","template":"","meta":[],"product_brand":[],"product_cat":[1264,1297,1262,1257],"product_tag":[],"class_list":{"0":"post-72787","1":"product","2":"type-product","3":"status-publish","4":"has-post-thumbnail","6":"product_cat-divers-tenues-de-cuisine","7":"product_cat-non-palettisable","8":"product_cat-tenues-de-cuisine","9":"product_cat-vetements-et-chaussures","10":"product_shipping_class-free-shipping","12":"first","13":"instock","14":"featured","15":"taxable","16":"shipping-taxable","17":"purchasable","18":"product-type-simple"},"_links":{"self":[{"href":"https:\/\/abinox-chr-clim.com\/index.php\/wp-json\/wp\/v2\/product\/72787","targetHints":{"allow":["GET"]}}],"collection":[{"href":"https:\/\/abinox-chr-clim.com\/index.php\/wp-json\/wp\/v2\/product"}],"about":[{"href":"https:\/\/abinox-chr-clim.com\/index.php\/wp-json\/wp\/v2\/types\/product"}],"replies":[{"embeddable":true,"href":"https:\/\/abinox-chr-clim.com\/index.php\/wp-json\/wp\/v2\/comments?post=72787"}],"wp:featuredmedia":[{"embeddable":true,"href":"https:\/\/abinox-chr-clim.com\/index.php\/wp-json\/wp\/v2\/media\/75976"}],"wp:attachment":[{"href":"https:\/\/abinox-chr-clim.com\/index.php\/wp-json\/wp\/v2\/media?parent=72787"}],"wp:term":[{"taxonomy":"product_brand","embeddable":true,"href":"https:\/\/abinox-chr-clim.com\/index.php\/wp-json\/wp\/v2\/product_brand?post=72787"},{"taxonomy":"product_cat","embeddable":true,"href":"https:\/\/abinox-chr-clim.com\/index.php\/wp-json\/wp\/v2\/product_cat?post=72787"},{"taxonomy":"product_tag","embeddable":true,"href":"https:\/\/abinox-chr-clim.com\/index.php\/wp-json\/wp\/v2\/product_tag?post=72787"}],"curies":[{"name":"wp","href":"https:\/\/api.w.org\/{rel}","templated":true}]}}