{"id":72781,"date":"2024-03-22T23:19:03","date_gmt":"2024-03-22T22:19:03","guid":{"rendered":"https:\/\/abinox-chr-clim.com\/index.php\/product\/charlotte-a-visiere-whites-carreaux-bleus-et-blancs\/"},"modified":"2026-04-02T08:25:56","modified_gmt":"2026-04-02T06:25:56","slug":"charlotte-a-visiere-whites-carreaux-bleus-et-blancs","status":"publish","type":"product","link":"https:\/\/abinox-chr-clim.com\/index.php\/product\/charlotte-a-visiere-whites-carreaux-bleus-et-blancs\/","title":{"rendered":"Charlotte \u00e0 visi\u00e8re Whites carreaux bleus et blancs"},"content":{"rendered":"<p>Polyester-coton. Taille unique.<br \/>La coupe ajust\u00e9e emp\u00eache les cheveux de tomber dans les produits. Le design unisexe est id\u00e9al pour une vari\u00e9t\u00e9 de membres du personnel. Le polycoton l\u00e9ger garde la t\u00eate fra\u00eeche et confortable. Facile \u00e0 nettoyer dans les blanchisseries commerciales. La couleur blanche aide \u00e0 r\u00e9fl\u00e9chir la chaleur loin du corps.  La coupe ajust\u00e9e emp\u00eache les cheveux de tomber dans les produits.<\/p>\n<p>Caract\u00e9ristiques :<br \/> Mati\u00e8re : Polycoton.<br \/> Couleur : Bleu marine.<\/p>\n","protected":false},"excerpt":{"rendered":"<p>Charlotte \u00e0 visi\u00e8re Whites carreaux bleus et blancs<\/p>\n","protected":false},"featured_media":75866,"comment_status":"closed","ping_status":"closed","template":"","meta":[],"product_brand":[],"product_cat":[1263,1297,1262,1257],"product_tag":[],"class_list":{"0":"post-72781","1":"product","2":"type-product","3":"status-publish","4":"has-post-thumbnail","6":"product_cat-couvre-chefs","7":"product_cat-non-palettisable","8":"product_cat-tenues-de-cuisine","9":"product_cat-vetements-et-chaussures","10":"product_shipping_class-free-shipping","12":"first","13":"instock","14":"featured","15":"taxable","16":"shipping-taxable","17":"purchasable","18":"product-type-simple"},"_links":{"self":[{"href":"https:\/\/abinox-chr-clim.com\/index.php\/wp-json\/wp\/v2\/product\/72781","targetHints":{"allow":["GET"]}}],"collection":[{"href":"https:\/\/abinox-chr-clim.com\/index.php\/wp-json\/wp\/v2\/product"}],"about":[{"href":"https:\/\/abinox-chr-clim.com\/index.php\/wp-json\/wp\/v2\/types\/product"}],"replies":[{"embeddable":true,"href":"https:\/\/abinox-chr-clim.com\/index.php\/wp-json\/wp\/v2\/comments?post=72781"}],"wp:featuredmedia":[{"embeddable":true,"href":"https:\/\/abinox-chr-clim.com\/index.php\/wp-json\/wp\/v2\/media\/75866"}],"wp:attachment":[{"href":"https:\/\/abinox-chr-clim.com\/index.php\/wp-json\/wp\/v2\/media?parent=72781"}],"wp:term":[{"taxonomy":"product_brand","embeddable":true,"href":"https:\/\/abinox-chr-clim.com\/index.php\/wp-json\/wp\/v2\/product_brand?post=72781"},{"taxonomy":"product_cat","embeddable":true,"href":"https:\/\/abinox-chr-clim.com\/index.php\/wp-json\/wp\/v2\/product_cat?post=72781"},{"taxonomy":"product_tag","embeddable":true,"href":"https:\/\/abinox-chr-clim.com\/index.php\/wp-json\/wp\/v2\/product_tag?post=72781"}],"curies":[{"name":"wp","href":"https:\/\/api.w.org\/{rel}","templated":true}]}}