{"id":72779,"date":"2024-03-22T23:19:02","date_gmt":"2024-03-22T22:19:02","guid":{"rendered":"https:\/\/abinox-chr-clim.com\/index.php\/product\/couvre-chef-confortable-whites-blanche\/"},"modified":"2026-04-02T08:25:54","modified_gmt":"2026-04-02T06:25:54","slug":"couvre-chef-confortable-whites-blanche","status":"publish","type":"product","link":"https:\/\/abinox-chr-clim.com\/index.php\/product\/couvre-chef-confortable-whites-blanche\/","title":{"rendered":"Couvre-chef confortable Whites blanche"},"content":{"rendered":"<p>100 % nylon. Bandeau \u00e9lastique, dessus en filet. Taille unique.<br \/>L\u00e9ger et confortable. Bandeau \u00e9lastique. L\u00e9ger et confortable.<\/p>\n<p>Caract\u00e9ristiques :<br \/> Mati\u00e8re : Nylon.<br \/> Couleur : Blanc.<\/p>\n","protected":false},"excerpt":{"rendered":"<p>Couvre-chef confortable Whites blanche<\/p>\n","protected":false},"featured_media":75861,"comment_status":"closed","ping_status":"closed","template":"","meta":[],"product_brand":[],"product_cat":[1263,1297,1262,1257],"product_tag":[],"class_list":{"0":"post-72779","1":"product","2":"type-product","3":"status-publish","4":"has-post-thumbnail","6":"product_cat-couvre-chefs","7":"product_cat-non-palettisable","8":"product_cat-tenues-de-cuisine","9":"product_cat-vetements-et-chaussures","10":"product_shipping_class-free-shipping","12":"first","13":"instock","14":"featured","15":"taxable","16":"shipping-taxable","17":"purchasable","18":"product-type-simple"},"_links":{"self":[{"href":"https:\/\/abinox-chr-clim.com\/index.php\/wp-json\/wp\/v2\/product\/72779","targetHints":{"allow":["GET"]}}],"collection":[{"href":"https:\/\/abinox-chr-clim.com\/index.php\/wp-json\/wp\/v2\/product"}],"about":[{"href":"https:\/\/abinox-chr-clim.com\/index.php\/wp-json\/wp\/v2\/types\/product"}],"replies":[{"embeddable":true,"href":"https:\/\/abinox-chr-clim.com\/index.php\/wp-json\/wp\/v2\/comments?post=72779"}],"wp:featuredmedia":[{"embeddable":true,"href":"https:\/\/abinox-chr-clim.com\/index.php\/wp-json\/wp\/v2\/media\/75861"}],"wp:attachment":[{"href":"https:\/\/abinox-chr-clim.com\/index.php\/wp-json\/wp\/v2\/media?parent=72779"}],"wp:term":[{"taxonomy":"product_brand","embeddable":true,"href":"https:\/\/abinox-chr-clim.com\/index.php\/wp-json\/wp\/v2\/product_brand?post=72779"},{"taxonomy":"product_cat","embeddable":true,"href":"https:\/\/abinox-chr-clim.com\/index.php\/wp-json\/wp\/v2\/product_cat?post=72779"},{"taxonomy":"product_tag","embeddable":true,"href":"https:\/\/abinox-chr-clim.com\/index.php\/wp-json\/wp\/v2\/product_tag?post=72779"}],"curies":[{"name":"wp","href":"https:\/\/api.w.org\/{rel}","templated":true}]}}