{"id":72776,"date":"2024-03-22T23:19:01","date_gmt":"2024-03-22T22:19:01","guid":{"rendered":"https:\/\/abinox-chr-clim.com\/index.php\/product\/calot-de-cuisine-chef-works-bleu\/"},"modified":"2026-04-02T08:25:50","modified_gmt":"2026-04-02T06:25:50","slug":"calot-de-cuisine-chef-works-bleu","status":"publish","type":"product","link":"https:\/\/abinox-chr-clim.com\/index.php\/product\/calot-de-cuisine-chef-works-bleu\/","title":{"rendered":"Calot de cuisine Chef Works bleu"},"content":{"rendered":"<p>Les calots Cool Vent sont con\u00e7us pour \u00e9vacuer l&rsquo;humidit\u00e9 de la peau tout en permettant \u00e0 l&rsquo;air frais de circuler. Syst\u00e8me encourageant l&rsquo;\u00e9vaporation pour une agr\u00e9able sensation de fra\u00eecheur.<br \/>Fermeture velcro r\u00e9glable. Partie sup\u00e9rieure en coolvent. Tissu serg\u00e9 l\u00e9ger. Fermeture velcro r\u00e9glable.<\/p>\n<p>Caract\u00e9ristiques :<br \/> Mati\u00e8re : Polyester-coton.<br \/> Couleur : Bleu.<\/p>\n","protected":false},"excerpt":{"rendered":"<p>Calot de cuisine Chef Works bleu<\/p>\n","protected":false},"featured_media":75565,"comment_status":"closed","ping_status":"closed","template":"","meta":[],"product_brand":[],"product_cat":[1263,1297,1262,1257],"product_tag":[],"class_list":{"0":"post-72776","1":"product","2":"type-product","3":"status-publish","4":"has-post-thumbnail","6":"product_cat-couvre-chefs","7":"product_cat-non-palettisable","8":"product_cat-tenues-de-cuisine","9":"product_cat-vetements-et-chaussures","10":"product_shipping_class-free-shipping","12":"first","13":"outofstock","14":"featured","15":"taxable","16":"shipping-taxable","17":"purchasable","18":"product-type-simple"},"_links":{"self":[{"href":"https:\/\/abinox-chr-clim.com\/index.php\/wp-json\/wp\/v2\/product\/72776","targetHints":{"allow":["GET"]}}],"collection":[{"href":"https:\/\/abinox-chr-clim.com\/index.php\/wp-json\/wp\/v2\/product"}],"about":[{"href":"https:\/\/abinox-chr-clim.com\/index.php\/wp-json\/wp\/v2\/types\/product"}],"replies":[{"embeddable":true,"href":"https:\/\/abinox-chr-clim.com\/index.php\/wp-json\/wp\/v2\/comments?post=72776"}],"wp:featuredmedia":[{"embeddable":true,"href":"https:\/\/abinox-chr-clim.com\/index.php\/wp-json\/wp\/v2\/media\/75565"}],"wp:attachment":[{"href":"https:\/\/abinox-chr-clim.com\/index.php\/wp-json\/wp\/v2\/media?parent=72776"}],"wp:term":[{"taxonomy":"product_brand","embeddable":true,"href":"https:\/\/abinox-chr-clim.com\/index.php\/wp-json\/wp\/v2\/product_brand?post=72776"},{"taxonomy":"product_cat","embeddable":true,"href":"https:\/\/abinox-chr-clim.com\/index.php\/wp-json\/wp\/v2\/product_cat?post=72776"},{"taxonomy":"product_tag","embeddable":true,"href":"https:\/\/abinox-chr-clim.com\/index.php\/wp-json\/wp\/v2\/product_tag?post=72776"}],"curies":[{"name":"wp","href":"https:\/\/api.w.org\/{rel}","templated":true}]}}