{"id":72774,"date":"2024-03-22T23:18:58","date_gmt":"2024-03-22T22:18:58","guid":{"rendered":"https:\/\/abinox-chr-clim.com\/index.php\/product\/casquette-tendance-chef-works-noire-m\/"},"modified":"2025-11-11T07:27:51","modified_gmt":"2025-11-11T06:27:51","slug":"casquette-tendance-chef-works-noire-m","status":"publish","type":"product","link":"https:\/\/abinox-chr-clim.com\/index.php\/product\/casquette-tendance-chef-works-noire-m\/","title":{"rendered":"Casquette tendance Chef Works noire M"},"content":{"rendered":"<p>Casquette trendy, alternative aux couvre-chefs traditionnels. En coton serg\u00e9 spandex (fibre synth\u00e9tique \u00e9lastique) avec bandeau int\u00e9rieur. Disponible en 2 tailles (S\/M et L) et 2 couleurs.<\/p>\n<p>Caract\u00e9ristiques :<br \/> Mati\u00e8re : Polyester-coton.<br \/> Couleur : Noir.<\/p>\n","protected":false},"excerpt":{"rendered":"<p>Casquette tendance Chef Works noire M<\/p>\n","protected":false},"featured_media":75558,"comment_status":"closed","ping_status":"closed","template":"","meta":[],"product_brand":[],"product_cat":[1263,1297,1262,1257],"product_tag":[],"class_list":{"0":"post-72774","1":"product","2":"type-product","3":"status-publish","4":"has-post-thumbnail","6":"product_cat-couvre-chefs","7":"product_cat-non-palettisable","8":"product_cat-tenues-de-cuisine","9":"product_cat-vetements-et-chaussures","10":"product_shipping_class-free-shipping","12":"first","13":"outofstock","14":"featured","15":"taxable","16":"shipping-taxable","17":"purchasable","18":"product-type-simple"},"_links":{"self":[{"href":"https:\/\/abinox-chr-clim.com\/index.php\/wp-json\/wp\/v2\/product\/72774","targetHints":{"allow":["GET"]}}],"collection":[{"href":"https:\/\/abinox-chr-clim.com\/index.php\/wp-json\/wp\/v2\/product"}],"about":[{"href":"https:\/\/abinox-chr-clim.com\/index.php\/wp-json\/wp\/v2\/types\/product"}],"replies":[{"embeddable":true,"href":"https:\/\/abinox-chr-clim.com\/index.php\/wp-json\/wp\/v2\/comments?post=72774"}],"wp:featuredmedia":[{"embeddable":true,"href":"https:\/\/abinox-chr-clim.com\/index.php\/wp-json\/wp\/v2\/media\/75558"}],"wp:attachment":[{"href":"https:\/\/abinox-chr-clim.com\/index.php\/wp-json\/wp\/v2\/media?parent=72774"}],"wp:term":[{"taxonomy":"product_brand","embeddable":true,"href":"https:\/\/abinox-chr-clim.com\/index.php\/wp-json\/wp\/v2\/product_brand?post=72774"},{"taxonomy":"product_cat","embeddable":true,"href":"https:\/\/abinox-chr-clim.com\/index.php\/wp-json\/wp\/v2\/product_cat?post=72774"},{"taxonomy":"product_tag","embeddable":true,"href":"https:\/\/abinox-chr-clim.com\/index.php\/wp-json\/wp\/v2\/product_tag?post=72774"}],"curies":[{"name":"wp","href":"https:\/\/api.w.org\/{rel}","templated":true}]}}