{"id":72739,"date":"2024-03-22T23:18:43","date_gmt":"2024-03-22T22:18:43","guid":{"rendered":"https:\/\/abinox-chr-clim.com\/index.php\/product\/toque-de-chef-whites-tallboy-m\/"},"modified":"2025-09-17T08:20:46","modified_gmt":"2025-09-17T06:20:46","slug":"toque-de-chef-whites-tallboy-m","status":"publish","type":"product","link":"https:\/\/abinox-chr-clim.com\/index.php\/product\/toque-de-chef-whites-tallboy-m\/","title":{"rendered":"Toque de chef Whites Tallboy M"},"content":{"rendered":"<p>65% polyester, 35% coton. Tailles S (54cm), M (58cm), L (61cm).<br \/>M\u00e9lange polyester-coton riche en coton : 65% polyester, 35% coton.Indispensable \u00e0 la tenue de chef. Facile \u00e0 nettoyer. Hauteur du chapeau : 380 mm. Unisexe. La couleur blanche aide \u00e0 r\u00e9fl\u00e9chir la chaleur loin du corps.  M\u00e9lange polyester-coton riche en coton : 65% polyester, 35% coton. .<br \/> Caract\u00e9ristiques :<br \/> Dimensions : 584(P) mm.<br \/> Mati\u00e8re : 65% polyester, 35% coton.<br \/> Couleur : Blanc.<\/p>\n","protected":false},"excerpt":{"rendered":"<p>Toque de chef Whites Tallboy M<\/p>\n","protected":false},"featured_media":73377,"comment_status":"closed","ping_status":"closed","template":"","meta":[],"product_brand":[],"product_cat":[1263,1297,1262,1257],"product_tag":[],"class_list":{"0":"post-72739","1":"product","2":"type-product","3":"status-publish","4":"has-post-thumbnail","6":"product_cat-couvre-chefs","7":"product_cat-non-palettisable","8":"product_cat-tenues-de-cuisine","9":"product_cat-vetements-et-chaussures","10":"product_shipping_class-free-shipping","12":"first","13":"outofstock","14":"featured","15":"taxable","16":"shipping-taxable","17":"purchasable","18":"product-type-simple"},"_links":{"self":[{"href":"https:\/\/abinox-chr-clim.com\/index.php\/wp-json\/wp\/v2\/product\/72739","targetHints":{"allow":["GET"]}}],"collection":[{"href":"https:\/\/abinox-chr-clim.com\/index.php\/wp-json\/wp\/v2\/product"}],"about":[{"href":"https:\/\/abinox-chr-clim.com\/index.php\/wp-json\/wp\/v2\/types\/product"}],"replies":[{"embeddable":true,"href":"https:\/\/abinox-chr-clim.com\/index.php\/wp-json\/wp\/v2\/comments?post=72739"}],"wp:featuredmedia":[{"embeddable":true,"href":"https:\/\/abinox-chr-clim.com\/index.php\/wp-json\/wp\/v2\/media\/73377"}],"wp:attachment":[{"href":"https:\/\/abinox-chr-clim.com\/index.php\/wp-json\/wp\/v2\/media?parent=72739"}],"wp:term":[{"taxonomy":"product_brand","embeddable":true,"href":"https:\/\/abinox-chr-clim.com\/index.php\/wp-json\/wp\/v2\/product_brand?post=72739"},{"taxonomy":"product_cat","embeddable":true,"href":"https:\/\/abinox-chr-clim.com\/index.php\/wp-json\/wp\/v2\/product_cat?post=72739"},{"taxonomy":"product_tag","embeddable":true,"href":"https:\/\/abinox-chr-clim.com\/index.php\/wp-json\/wp\/v2\/product_tag?post=72739"}],"curies":[{"name":"wp","href":"https:\/\/api.w.org\/{rel}","templated":true}]}}