{"id":72663,"date":"2024-03-22T23:18:09","date_gmt":"2024-03-22T22:18:09","guid":{"rendered":"https:\/\/abinox-chr-clim.com\/index.php\/product\/baskets-blanches-homme-old-school-shoes-for-crews-36\/"},"modified":"2026-04-02T10:03:48","modified_gmt":"2026-04-02T08:03:48","slug":"baskets-blanches-homme-old-school-shoes-for-crews-36","status":"publish","type":"product","link":"https:\/\/abinox-chr-clim.com\/index.php\/product\/baskets-blanches-homme-old-school-shoes-for-crews-36\/","title":{"rendered":"Baskets blanches homme Old School Shoes for Crews 36"},"content":{"rendered":"<p>Emportez le style que vous aimez o\u00f9 que vous alliez avec ces baskets en cuir embl\u00e9matiques con\u00e7ues pour les longs services et les stations debout prolong\u00e9es. Chaussures permettant de travailler dans un confort total.<br \/>Semelles int\u00e9rieures rembourr\u00e9es amovibles. Semelles antid\u00e9rapantes. Dessus en cuir. Semelle int\u00e9rieure \u00e9paisse rembourr\u00e9e. Semelles int\u00e9rieures rembourr\u00e9es amovibles.<\/p>\n<p>Caract\u00e9ristiques :<br \/> Mati\u00e8re : Cuir.<br \/> Couleur : Blanc.<\/p>\n","protected":false},"excerpt":{"rendered":"<p>Baskets blanches homme Old School Shoes for Crews 36<\/p>\n","protected":false},"featured_media":78118,"comment_status":"closed","ping_status":"closed","template":"","meta":[],"product_brand":[],"product_cat":[1258,1260,1297,1257],"product_tag":[],"class_list":{"0":"post-72663","1":"product","2":"type-product","3":"status-publish","4":"has-post-thumbnail","6":"product_cat-chaussures","7":"product_cat-divers-chaussures","8":"product_cat-non-palettisable","9":"product_cat-vetements-et-chaussures","10":"product_shipping_class-free-shipping","12":"first","13":"instock","14":"featured","15":"taxable","16":"shipping-taxable","17":"purchasable","18":"product-type-simple"},"_links":{"self":[{"href":"https:\/\/abinox-chr-clim.com\/index.php\/wp-json\/wp\/v2\/product\/72663","targetHints":{"allow":["GET"]}}],"collection":[{"href":"https:\/\/abinox-chr-clim.com\/index.php\/wp-json\/wp\/v2\/product"}],"about":[{"href":"https:\/\/abinox-chr-clim.com\/index.php\/wp-json\/wp\/v2\/types\/product"}],"replies":[{"embeddable":true,"href":"https:\/\/abinox-chr-clim.com\/index.php\/wp-json\/wp\/v2\/comments?post=72663"}],"wp:featuredmedia":[{"embeddable":true,"href":"https:\/\/abinox-chr-clim.com\/index.php\/wp-json\/wp\/v2\/media\/78118"}],"wp:attachment":[{"href":"https:\/\/abinox-chr-clim.com\/index.php\/wp-json\/wp\/v2\/media?parent=72663"}],"wp:term":[{"taxonomy":"product_brand","embeddable":true,"href":"https:\/\/abinox-chr-clim.com\/index.php\/wp-json\/wp\/v2\/product_brand?post=72663"},{"taxonomy":"product_cat","embeddable":true,"href":"https:\/\/abinox-chr-clim.com\/index.php\/wp-json\/wp\/v2\/product_cat?post=72663"},{"taxonomy":"product_tag","embeddable":true,"href":"https:\/\/abinox-chr-clim.com\/index.php\/wp-json\/wp\/v2\/product_tag?post=72663"}],"curies":[{"name":"wp","href":"https:\/\/api.w.org\/{rel}","templated":true}]}}