{"id":72660,"date":"2024-03-22T23:18:08","date_gmt":"2024-03-22T22:18:08","guid":{"rendered":"https:\/\/abinox-chr-clim.com\/index.php\/product\/chaussures-professionnelles-noires-shoes-for-crews-revolution-39\/"},"modified":"2026-04-02T09:53:01","modified_gmt":"2026-04-02T07:53:01","slug":"chaussures-professionnelles-noires-shoes-for-crews-revolution-39","status":"publish","type":"product","link":"https:\/\/abinox-chr-clim.com\/index.php\/product\/chaussures-professionnelles-noires-shoes-for-crews-revolution-39\/","title":{"rendered":"Chaussures professionnelles noires Shoes For Crews Revolution 39"},"content":{"rendered":"<p>Semelles int\u00e9rieures amovibles et matelass\u00e9es pour amortir l&rsquo;impact sur les pieds. Semelles antid\u00e9rapantes offrant une excellente stabilit\u00e9 sur sol humide ou huileux. Conception sans coutures offrant une excellente durabilit\u00e9 et une protection suppl\u00e9mentaire. Facile \u00e0 nettoyer. Conception avec des mat\u00e9riaux l\u00e9gers permettant un confort des pieds.  Semelles int\u00e9rieures amovibles et matelass\u00e9es pour amortir l&rsquo;impact sur les pieds.<\/p>\n<p>Caract\u00e9ristiques :<br \/> Mati\u00e8re : Maille imperm\u00e9able<\/p>\n","protected":false},"excerpt":{"rendered":"<p>Chaussures professionnelles noires Shoes For Crews Revolution 39<\/p>\n","protected":false},"featured_media":78115,"comment_status":"closed","ping_status":"closed","template":"","meta":[],"product_brand":[],"product_cat":[1258,1260,1297,1257],"product_tag":[],"class_list":{"0":"post-72660","1":"product","2":"type-product","3":"status-publish","4":"has-post-thumbnail","6":"product_cat-chaussures","7":"product_cat-divers-chaussures","8":"product_cat-non-palettisable","9":"product_cat-vetements-et-chaussures","10":"product_shipping_class-free-shipping","12":"first","13":"instock","14":"featured","15":"taxable","16":"shipping-taxable","17":"purchasable","18":"product-type-simple"},"_links":{"self":[{"href":"https:\/\/abinox-chr-clim.com\/index.php\/wp-json\/wp\/v2\/product\/72660","targetHints":{"allow":["GET"]}}],"collection":[{"href":"https:\/\/abinox-chr-clim.com\/index.php\/wp-json\/wp\/v2\/product"}],"about":[{"href":"https:\/\/abinox-chr-clim.com\/index.php\/wp-json\/wp\/v2\/types\/product"}],"replies":[{"embeddable":true,"href":"https:\/\/abinox-chr-clim.com\/index.php\/wp-json\/wp\/v2\/comments?post=72660"}],"wp:featuredmedia":[{"embeddable":true,"href":"https:\/\/abinox-chr-clim.com\/index.php\/wp-json\/wp\/v2\/media\/78115"}],"wp:attachment":[{"href":"https:\/\/abinox-chr-clim.com\/index.php\/wp-json\/wp\/v2\/media?parent=72660"}],"wp:term":[{"taxonomy":"product_brand","embeddable":true,"href":"https:\/\/abinox-chr-clim.com\/index.php\/wp-json\/wp\/v2\/product_brand?post=72660"},{"taxonomy":"product_cat","embeddable":true,"href":"https:\/\/abinox-chr-clim.com\/index.php\/wp-json\/wp\/v2\/product_cat?post=72660"},{"taxonomy":"product_tag","embeddable":true,"href":"https:\/\/abinox-chr-clim.com\/index.php\/wp-json\/wp\/v2\/product_tag?post=72660"}],"curies":[{"name":"wp","href":"https:\/\/api.w.org\/{rel}","templated":true}]}}