{"id":72650,"date":"2024-03-22T23:18:02","date_gmt":"2024-03-22T22:18:02","guid":{"rendered":"https:\/\/abinox-chr-clim.com\/index.php\/product\/chaussures-basiques-antiderapantes-noires-slipbuster-41\/"},"modified":"2025-09-24T09:22:22","modified_gmt":"2025-09-24T07:22:22","slug":"chaussures-basiques-antiderapantes-noires-slipbuster-41","status":"publish","type":"product","link":"https:\/\/abinox-chr-clim.com\/index.php\/product\/chaussures-basiques-antiderapantes-noires-slipbuster-41\/","title":{"rendered":"Chaussures basiques antid\u00e9rapantes noires Slipbuster 41"},"content":{"rendered":"<p>Prot\u00e9gez-vous contre les accidents avec des chaussures con\u00e7ues pour r\u00e9sister aux sols glissants. Une doublure \u00e9vacuant l&rsquo;humidit\u00e9 et une semelle int\u00e9rieure perfor\u00e9e \u00e0 coussin d&rsquo;air offrent un confort tout au long de la journ\u00e9e de travail.<br \/>La semelle antid\u00e9rapante offre une excellente adh\u00e9rence m\u00eame sur les sols humides ou huileux. L\u00e9g\u00e8res, respirantes et flexibles pour r\u00e9duire la fatigue et augmenter le confort. La doublure antibact\u00e9rienne am\u00e9liore l&rsquo;hygi\u00e8ne et conserve la sant\u00e9 de vos pieds. Le coloris noir ajoute une touche minimaliste aux uniformes de votre personnel. Le chevill\u00e8re et la languette rembourr\u00e9es apportent plus de stabilit\u00e9 et le confort. Les \u0153illets m\u00e9talliques permettent un ajustement serr\u00e9 sans risque d&rsquo;endommager la chaussure. 100% vegan.La semelle antid\u00e9rapante offre une excellente adh\u00e9rence m\u00eame sur les sols humides ou huileux.<\/p>\n<p>Caract\u00e9ristiques :<br \/> Mati\u00e8re : Microfibre.<br \/> Couleur : Noir.<\/p>\n","protected":false},"excerpt":{"rendered":"<p>Chaussures basiques antid\u00e9rapantes noires Slipbuster 41<\/p>\n","protected":false},"featured_media":78057,"comment_status":"closed","ping_status":"closed","template":"","meta":[],"product_brand":[],"product_cat":[1258,1260,1297,1257],"product_tag":[],"class_list":{"0":"post-72650","1":"product","2":"type-product","3":"status-publish","4":"has-post-thumbnail","6":"product_cat-chaussures","7":"product_cat-divers-chaussures","8":"product_cat-non-palettisable","9":"product_cat-vetements-et-chaussures","10":"product_shipping_class-free-shipping","12":"first","13":"outofstock","14":"featured","15":"taxable","16":"shipping-taxable","17":"purchasable","18":"product-type-simple"},"_links":{"self":[{"href":"https:\/\/abinox-chr-clim.com\/index.php\/wp-json\/wp\/v2\/product\/72650","targetHints":{"allow":["GET"]}}],"collection":[{"href":"https:\/\/abinox-chr-clim.com\/index.php\/wp-json\/wp\/v2\/product"}],"about":[{"href":"https:\/\/abinox-chr-clim.com\/index.php\/wp-json\/wp\/v2\/types\/product"}],"replies":[{"embeddable":true,"href":"https:\/\/abinox-chr-clim.com\/index.php\/wp-json\/wp\/v2\/comments?post=72650"}],"wp:featuredmedia":[{"embeddable":true,"href":"https:\/\/abinox-chr-clim.com\/index.php\/wp-json\/wp\/v2\/media\/78057"}],"wp:attachment":[{"href":"https:\/\/abinox-chr-clim.com\/index.php\/wp-json\/wp\/v2\/media?parent=72650"}],"wp:term":[{"taxonomy":"product_brand","embeddable":true,"href":"https:\/\/abinox-chr-clim.com\/index.php\/wp-json\/wp\/v2\/product_brand?post=72650"},{"taxonomy":"product_cat","embeddable":true,"href":"https:\/\/abinox-chr-clim.com\/index.php\/wp-json\/wp\/v2\/product_cat?post=72650"},{"taxonomy":"product_tag","embeddable":true,"href":"https:\/\/abinox-chr-clim.com\/index.php\/wp-json\/wp\/v2\/product_tag?post=72650"}],"curies":[{"name":"wp","href":"https:\/\/api.w.org\/{rel}","templated":true}]}}