{"id":72644,"date":"2024-03-22T23:18:00","date_gmt":"2024-03-22T22:18:00","guid":{"rendered":"https:\/\/abinox-chr-clim.com\/index.php\/product\/baskets-antiderapantes-shoes-for-crews-condor-homme-47\/"},"modified":"2026-04-02T09:36:31","modified_gmt":"2026-04-02T07:36:31","slug":"baskets-antiderapantes-shoes-for-crews-condor-homme-47","status":"publish","type":"product","link":"https:\/\/abinox-chr-clim.com\/index.php\/product\/baskets-antiderapantes-shoes-for-crews-condor-homme-47\/","title":{"rendered":"Baskets antid\u00e9rapantes Shoes for Crews Condor homme 47"},"content":{"rendered":"<p>Chaussez-vous confortablement pendant vos longues heures de travail avec ces chaussures professionnelles en cuir v\u00e9ritable de style baskets. Elles disposent de la semelle brevet\u00e9e SFC Mighty Grip.<br \/>Dessus en cuir v\u00e9ritable. Semelles antid\u00e9rapantes avec motifs crant\u00e9s. Semelle int\u00e9rieure amovible. Cheville rembourr\u00e9e pour le confort et le maintien. EN ISO 20347:2012.  Dessus en cuir v\u00e9ritable.<\/p>\n<p>Caract\u00e9ristiques :<br \/> Mati\u00e8re : Cuir.<br \/> Couleur : Noir.<\/p>\n","protected":false},"excerpt":{"rendered":"<p>Baskets antid\u00e9rapantes Shoes for Crews Condor homme 47<\/p>\n","protected":false},"featured_media":77119,"comment_status":"closed","ping_status":"closed","template":"","meta":[],"product_brand":[],"product_cat":[1258,1260,1297,1257],"product_tag":[],"class_list":{"0":"post-72644","1":"product","2":"type-product","3":"status-publish","4":"has-post-thumbnail","6":"product_cat-chaussures","7":"product_cat-divers-chaussures","8":"product_cat-non-palettisable","9":"product_cat-vetements-et-chaussures","10":"product_shipping_class-free-shipping","12":"first","13":"instock","14":"featured","15":"taxable","16":"shipping-taxable","17":"purchasable","18":"product-type-simple"},"_links":{"self":[{"href":"https:\/\/abinox-chr-clim.com\/index.php\/wp-json\/wp\/v2\/product\/72644","targetHints":{"allow":["GET"]}}],"collection":[{"href":"https:\/\/abinox-chr-clim.com\/index.php\/wp-json\/wp\/v2\/product"}],"about":[{"href":"https:\/\/abinox-chr-clim.com\/index.php\/wp-json\/wp\/v2\/types\/product"}],"replies":[{"embeddable":true,"href":"https:\/\/abinox-chr-clim.com\/index.php\/wp-json\/wp\/v2\/comments?post=72644"}],"wp:featuredmedia":[{"embeddable":true,"href":"https:\/\/abinox-chr-clim.com\/index.php\/wp-json\/wp\/v2\/media\/77119"}],"wp:attachment":[{"href":"https:\/\/abinox-chr-clim.com\/index.php\/wp-json\/wp\/v2\/media?parent=72644"}],"wp:term":[{"taxonomy":"product_brand","embeddable":true,"href":"https:\/\/abinox-chr-clim.com\/index.php\/wp-json\/wp\/v2\/product_brand?post=72644"},{"taxonomy":"product_cat","embeddable":true,"href":"https:\/\/abinox-chr-clim.com\/index.php\/wp-json\/wp\/v2\/product_cat?post=72644"},{"taxonomy":"product_tag","embeddable":true,"href":"https:\/\/abinox-chr-clim.com\/index.php\/wp-json\/wp\/v2\/product_tag?post=72644"}],"curies":[{"name":"wp","href":"https:\/\/api.w.org\/{rel}","templated":true}]}}