{"id":72640,"date":"2024-03-22T23:17:58","date_gmt":"2024-03-22T22:17:58","guid":{"rendered":"https:\/\/abinox-chr-clim.com\/index.php\/product\/semelles-de-confort-slipbuster-44\/"},"modified":"2025-08-26T13:38:57","modified_gmt":"2025-08-26T11:38:57","slug":"semelles-de-confort-slipbuster-44","status":"publish","type":"product","link":"https:\/\/abinox-chr-clim.com\/index.php\/product\/semelles-de-confort-slipbuster-44\/","title":{"rendered":"Semelles de confort Slipbuster 44"},"content":{"rendered":"<p>Semelles int\u00e9rieures antistatiques con\u00e7ues pour soulager vos pieds pendant les services les plus charg\u00e9s. En polyur\u00e9thane souple moul\u00e9 par injection pour un excellent amorti et une excellente absorption des chocs.<br \/>A porter avec des chaussures de loisirs ou de travail. Excellent maintien du pied et de la cheville pour am\u00e9liorer la stabilit\u00e9 et \u00e9viter les frottements. Le rembourrage aux points d&rsquo;impact aide \u00e0 amortir chaque pas. Faciles \u00e0 mettre en place dans les chaussures Slipbuster et Lites. Le tissu et la forme solides aident \u00e0 fournir une couche suppl\u00e9mentaire de protection contre les dangers sur le lieu de travail. Style confortable et doux.A porter avec des chaussures de loisirs ou de travail.<\/p>\n<p>Caract\u00e9ristiques :<br \/> Mati\u00e8re : Polyur\u00e9thane<\/p>\n","protected":false},"excerpt":{"rendered":"<p>Semelles de confort Slipbuster 44<\/p>\n","protected":false},"featured_media":76905,"comment_status":"closed","ping_status":"closed","template":"","meta":[],"product_brand":[],"product_cat":[1258,1260,1297,1257],"product_tag":[],"class_list":{"0":"post-72640","1":"product","2":"type-product","3":"status-publish","4":"has-post-thumbnail","6":"product_cat-chaussures","7":"product_cat-divers-chaussures","8":"product_cat-non-palettisable","9":"product_cat-vetements-et-chaussures","10":"product_shipping_class-free-shipping","12":"first","13":"outofstock","14":"featured","15":"taxable","16":"shipping-taxable","17":"purchasable","18":"product-type-simple"},"_links":{"self":[{"href":"https:\/\/abinox-chr-clim.com\/index.php\/wp-json\/wp\/v2\/product\/72640","targetHints":{"allow":["GET"]}}],"collection":[{"href":"https:\/\/abinox-chr-clim.com\/index.php\/wp-json\/wp\/v2\/product"}],"about":[{"href":"https:\/\/abinox-chr-clim.com\/index.php\/wp-json\/wp\/v2\/types\/product"}],"replies":[{"embeddable":true,"href":"https:\/\/abinox-chr-clim.com\/index.php\/wp-json\/wp\/v2\/comments?post=72640"}],"wp:featuredmedia":[{"embeddable":true,"href":"https:\/\/abinox-chr-clim.com\/index.php\/wp-json\/wp\/v2\/media\/76905"}],"wp:attachment":[{"href":"https:\/\/abinox-chr-clim.com\/index.php\/wp-json\/wp\/v2\/media?parent=72640"}],"wp:term":[{"taxonomy":"product_brand","embeddable":true,"href":"https:\/\/abinox-chr-clim.com\/index.php\/wp-json\/wp\/v2\/product_brand?post=72640"},{"taxonomy":"product_cat","embeddable":true,"href":"https:\/\/abinox-chr-clim.com\/index.php\/wp-json\/wp\/v2\/product_cat?post=72640"},{"taxonomy":"product_tag","embeddable":true,"href":"https:\/\/abinox-chr-clim.com\/index.php\/wp-json\/wp\/v2\/product_tag?post=72640"}],"curies":[{"name":"wp","href":"https:\/\/api.w.org\/{rel}","templated":true}]}}