{"id":72628,"date":"2024-03-22T23:17:54","date_gmt":"2024-03-22T22:17:54","guid":{"rendered":"https:\/\/abinox-chr-clim.com\/index.php\/product\/chemisier-femme-denim-stretch-chaud-devant-bleu-xxl\/"},"modified":"2026-04-02T09:21:18","modified_gmt":"2026-04-02T07:21:18","slug":"chemisier-femme-denim-stretch-chaud-devant-bleu-xxl","status":"publish","type":"product","link":"https:\/\/abinox-chr-clim.com\/index.php\/product\/chemisier-femme-denim-stretch-chaud-devant-bleu-xxl\/","title":{"rendered":"Chemisier femme denim stretch Chaud Devant bleu XXL"},"content":{"rendered":"<p>La Collection Pure Denim est con\u00e7ue pour les vrais amateurs de jeans. Les articles Pure Denim ne conviennent pas au nettoyage industriel. Attention : le denim peut d\u00e9teindre. \u00c9vitez le contact avec un mobilier ou des v\u00eatements de couleur claire. Le tissu stretch en fait une gamme extr\u00eamement confortable et parfaitement adapt\u00e9e au personnel de service.<\/p>\n<p>Caract\u00e9ristiques :<br \/> Mati\u00e8re : 97,4 % coton\/ 2,6 % \u00e9lasthanne.<br \/> Couleur : Bleu.<\/p>\n","protected":false},"excerpt":{"rendered":"<p>Chemisier femme denim stretch Chaud Devant bleu XXL<\/p>\n","protected":false},"featured_media":104882,"comment_status":"closed","ping_status":"closed","template":"","meta":[],"product_brand":[],"product_cat":[1258,1260,1297,1257],"product_tag":[],"class_list":{"0":"post-72628","1":"product","2":"type-product","3":"status-publish","4":"has-post-thumbnail","6":"product_cat-chaussures","7":"product_cat-divers-chaussures","8":"product_cat-non-palettisable","9":"product_cat-vetements-et-chaussures","10":"product_shipping_class-free-shipping","12":"first","13":"instock","14":"featured","15":"taxable","16":"shipping-taxable","17":"purchasable","18":"product-type-simple"},"_links":{"self":[{"href":"https:\/\/abinox-chr-clim.com\/index.php\/wp-json\/wp\/v2\/product\/72628","targetHints":{"allow":["GET"]}}],"collection":[{"href":"https:\/\/abinox-chr-clim.com\/index.php\/wp-json\/wp\/v2\/product"}],"about":[{"href":"https:\/\/abinox-chr-clim.com\/index.php\/wp-json\/wp\/v2\/types\/product"}],"replies":[{"embeddable":true,"href":"https:\/\/abinox-chr-clim.com\/index.php\/wp-json\/wp\/v2\/comments?post=72628"}],"wp:featuredmedia":[{"embeddable":true,"href":"https:\/\/abinox-chr-clim.com\/index.php\/wp-json\/wp\/v2\/media\/104882"}],"wp:attachment":[{"href":"https:\/\/abinox-chr-clim.com\/index.php\/wp-json\/wp\/v2\/media?parent=72628"}],"wp:term":[{"taxonomy":"product_brand","embeddable":true,"href":"https:\/\/abinox-chr-clim.com\/index.php\/wp-json\/wp\/v2\/product_brand?post=72628"},{"taxonomy":"product_cat","embeddable":true,"href":"https:\/\/abinox-chr-clim.com\/index.php\/wp-json\/wp\/v2\/product_cat?post=72628"},{"taxonomy":"product_tag","embeddable":true,"href":"https:\/\/abinox-chr-clim.com\/index.php\/wp-json\/wp\/v2\/product_tag?post=72628"}],"curies":[{"name":"wp","href":"https:\/\/api.w.org\/{rel}","templated":true}]}}