{"id":72626,"date":"2024-03-22T23:17:53","date_gmt":"2024-03-22T22:17:53","guid":{"rendered":"https:\/\/abinox-chr-clim.com\/index.php\/product\/chaussures-de-securite-basiques-noires-slipbuster-47\/"},"modified":"2025-06-30T11:21:52","modified_gmt":"2025-06-30T09:21:52","slug":"chaussures-de-securite-basiques-noires-slipbuster-47","status":"publish","type":"product","link":"https:\/\/abinox-chr-clim.com\/index.php\/product\/chaussures-de-securite-basiques-noires-slipbuster-47\/","title":{"rendered":"Chaussures de s\u00e9curit\u00e9 basiques noires Slipbuster 47"},"content":{"rendered":"<p>Assurez-vous que vos pieds soient prot\u00e9g\u00e9s en toute s\u00e9curit\u00e9, avec des chaussures con\u00e7ues pour le travail. Chaussures parfaites alliant l\u00e9g\u00e8ret\u00e9 et s\u00e9curit\u00e9 pour un travail rapide pendant le service. A lacets avec rabat en microfibre. Coussin de circulation d&rsquo;air perfor\u00e9 \u00e0 l&rsquo;int\u00e9rieur.<br \/>La semelle antid\u00e9rapante offre une excellente adh\u00e9rence m\u00eame sur les sols humides ou gras. L\u00e9g\u00e8res, respirantes et flexibles pour r\u00e9duire la fatigue et augmenter le confort. La doublure antibact\u00e9rienne am\u00e9liore l&rsquo;hygi\u00e8ne et pr\u00e9serve la sant\u00e9 des pieds. Le col et la languette rembourr\u00e9s apportent un maximum de stabilit\u00e9 et de confort. Bout coqu\u00e9 en acier offrant une excellente protection contre les objets tranchants ou lourds. 100% vegan.  La semelle antid\u00e9rapante offre une excellente adh\u00e9rence m\u00eame sur les sols humides ou gras.<\/p>\n<p>Caract\u00e9ristiques :<br \/> Mati\u00e8re : Microfibre.<br \/> Couleur : Noir.<\/p>\n","protected":false},"excerpt":{"rendered":"<p>Chaussures de s\u00e9curit\u00e9 basiques noires Slipbuster 47<\/p>\n","protected":false},"featured_media":78033,"comment_status":"closed","ping_status":"closed","template":"","meta":[],"product_brand":[],"product_cat":[1258,1259,1297,1257],"product_tag":[],"class_list":{"0":"post-72626","1":"product","2":"type-product","3":"status-publish","4":"has-post-thumbnail","6":"product_cat-chaussures","7":"product_cat-chaussures-de-securite","8":"product_cat-non-palettisable","9":"product_cat-vetements-et-chaussures","10":"product_shipping_class-free-shipping","12":"first","13":"outofstock","14":"featured","15":"taxable","16":"shipping-taxable","17":"purchasable","18":"product-type-simple"},"_links":{"self":[{"href":"https:\/\/abinox-chr-clim.com\/index.php\/wp-json\/wp\/v2\/product\/72626","targetHints":{"allow":["GET"]}}],"collection":[{"href":"https:\/\/abinox-chr-clim.com\/index.php\/wp-json\/wp\/v2\/product"}],"about":[{"href":"https:\/\/abinox-chr-clim.com\/index.php\/wp-json\/wp\/v2\/types\/product"}],"replies":[{"embeddable":true,"href":"https:\/\/abinox-chr-clim.com\/index.php\/wp-json\/wp\/v2\/comments?post=72626"}],"wp:featuredmedia":[{"embeddable":true,"href":"https:\/\/abinox-chr-clim.com\/index.php\/wp-json\/wp\/v2\/media\/78033"}],"wp:attachment":[{"href":"https:\/\/abinox-chr-clim.com\/index.php\/wp-json\/wp\/v2\/media?parent=72626"}],"wp:term":[{"taxonomy":"product_brand","embeddable":true,"href":"https:\/\/abinox-chr-clim.com\/index.php\/wp-json\/wp\/v2\/product_brand?post=72626"},{"taxonomy":"product_cat","embeddable":true,"href":"https:\/\/abinox-chr-clim.com\/index.php\/wp-json\/wp\/v2\/product_cat?post=72626"},{"taxonomy":"product_tag","embeddable":true,"href":"https:\/\/abinox-chr-clim.com\/index.php\/wp-json\/wp\/v2\/product_tag?post=72626"}],"curies":[{"name":"wp","href":"https:\/\/api.w.org\/{rel}","templated":true}]}}