{"id":72609,"date":"2024-03-22T23:17:45","date_gmt":"2024-03-22T22:17:45","guid":{"rendered":"https:\/\/abinox-chr-clim.com\/index.php\/product\/chaussures-de-securite-montantes-en-cuir-nubuck-slipbuster-41\/"},"modified":"2026-04-02T09:41:04","modified_gmt":"2026-04-02T07:41:04","slug":"chaussures-de-securite-montantes-en-cuir-nubuck-slipbuster-41","status":"publish","type":"product","link":"https:\/\/abinox-chr-clim.com\/index.php\/product\/chaussures-de-securite-montantes-en-cuir-nubuck-slipbuster-41\/","title":{"rendered":"Chaussures de s\u00e9curit\u00e9 montantes en cuir nubuck Slipbuster 41"},"content":{"rendered":"<p>Le design bicolore de la semelle apporte \u00e0 ces chaussures de s\u00e9curit\u00e9 un style moderne. Les semelles antid\u00e9rapantes sont r\u00e9sistantes aux huiles et les semelles int\u00e9rieures perfor\u00e9es permettent une meilleure circulation d&rsquo;air et un grand confort. Chaussures alliant confort et style au quotidien. Nous vous conseillons de choisir une pointure en-dessous de la v\u00f4tre.<br \/>Embout en acier 200J offrant une excellente protection contre les objets tranchants ou lourds. Semelle antid\u00e9rapante offrant une excellente adh\u00e9rence sur les sols mouill\u00e9s ou huileux. La conception Hi-top aide \u00e0 fournir une protection et un soutien suppl\u00e9mentaires \u00e0 la cheville. Semelle ext\u00e9rieure r\u00e9sistante \u00e0 l&rsquo;huile pour une excellente adh\u00e9rence. Semelle int\u00e9rieure perfor\u00e9e EVA offrant une grande circulation d&rsquo;air et un confort optimal. Le cuir nubuck et la maille en nylon offrent une excellente durabilit\u00e9 pour une utilisation de longue dur\u00e9e. Semelle en caoutchouc EVA moul\u00e9e \u00e0 double densit\u00e9 pour r\u00e9duire l&rsquo;impact sur les pieds. Classe S1 SRC.Doublure\u00a0: Maille respirante en nylon gris. Semelle\u00a0: Semelle EVA moul\u00e9e double densit\u00e9 et caoutchouc. Classe S1 SRC.  Embout en acier 200J offrant une excellente protection contre les objets tranchants ou lourds.<\/p>\n<p>Caract\u00e9ristiques :<br \/> Mati\u00e8re : Cuir nubuck.<br \/> Couleur : Noir.<\/p>\n","protected":false},"excerpt":{"rendered":"<p>Chaussures de s\u00e9curit\u00e9 montantes en cuir nubuck Slipbuster 41<\/p>\n","protected":false},"featured_media":77888,"comment_status":"closed","ping_status":"closed","template":"","meta":[],"product_brand":[],"product_cat":[1258,1259,1297,1257],"product_tag":[],"class_list":{"0":"post-72609","1":"product","2":"type-product","3":"status-publish","4":"has-post-thumbnail","6":"product_cat-chaussures","7":"product_cat-chaussures-de-securite","8":"product_cat-non-palettisable","9":"product_cat-vetements-et-chaussures","10":"product_shipping_class-free-shipping","12":"first","13":"instock","14":"featured","15":"taxable","16":"shipping-taxable","17":"purchasable","18":"product-type-simple"},"_links":{"self":[{"href":"https:\/\/abinox-chr-clim.com\/index.php\/wp-json\/wp\/v2\/product\/72609","targetHints":{"allow":["GET"]}}],"collection":[{"href":"https:\/\/abinox-chr-clim.com\/index.php\/wp-json\/wp\/v2\/product"}],"about":[{"href":"https:\/\/abinox-chr-clim.com\/index.php\/wp-json\/wp\/v2\/types\/product"}],"replies":[{"embeddable":true,"href":"https:\/\/abinox-chr-clim.com\/index.php\/wp-json\/wp\/v2\/comments?post=72609"}],"wp:featuredmedia":[{"embeddable":true,"href":"https:\/\/abinox-chr-clim.com\/index.php\/wp-json\/wp\/v2\/media\/77888"}],"wp:attachment":[{"href":"https:\/\/abinox-chr-clim.com\/index.php\/wp-json\/wp\/v2\/media?parent=72609"}],"wp:term":[{"taxonomy":"product_brand","embeddable":true,"href":"https:\/\/abinox-chr-clim.com\/index.php\/wp-json\/wp\/v2\/product_brand?post=72609"},{"taxonomy":"product_cat","embeddable":true,"href":"https:\/\/abinox-chr-clim.com\/index.php\/wp-json\/wp\/v2\/product_cat?post=72609"},{"taxonomy":"product_tag","embeddable":true,"href":"https:\/\/abinox-chr-clim.com\/index.php\/wp-json\/wp\/v2\/product_tag?post=72609"}],"curies":[{"name":"wp","href":"https:\/\/api.w.org\/{rel}","templated":true}]}}