{"id":72602,"date":"2024-03-22T23:17:42","date_gmt":"2024-03-22T22:17:42","guid":{"rendered":"https:\/\/abinox-chr-clim.com\/index.php\/product\/baskets-de-securite-legeres-slipbuster-noires-44\/"},"modified":"2026-01-12T08:35:35","modified_gmt":"2026-01-12T07:35:35","slug":"baskets-de-securite-legeres-slipbuster-noires-44","status":"publish","type":"product","link":"https:\/\/abinox-chr-clim.com\/index.php\/product\/baskets-de-securite-legeres-slipbuster-noires-44\/","title":{"rendered":"Baskets de s\u00e9curit\u00e9 l\u00e9g\u00e8res Slipbuster noires 44"},"content":{"rendered":"<p>Des baskets ultra-l\u00e9g\u00e8res et antid\u00e9rapantes avec syst\u00e8me de circulation d&rsquo;air performant pour conserver une sensation de fra\u00eecheur toute la journ\u00e9e. Les semelles ext\u00e9rieures r\u00e9sistantes vous apportent \u00e0 la fois confort et s\u00e9curit\u00e9.<br \/>Embout de s\u00e9curit\u00e9 en acier 200J. Antid\u00e9rapantes. Extr\u00eamement l\u00e9g\u00e8res. Semelles r\u00e9sistantes aux huiles. Pointures 37-46. Semelles int\u00e9rieures perfor\u00e9es pour plus de circulation d&rsquo;air et de confort. Classification SB FO SRC. Dessus en tissu nylon et polyur\u00e9thane thermoplastique. Doublure: maille en nylon gris. Semelle: Semelle en EVA \/ caoutchouc moul\u00e9e double densit\u00e9. Embout de s\u00e9curit\u00e9 en acier 200J.<\/p>\n<p>Caract\u00e9ristiques :<br \/> Mati\u00e8re : Filet en nylon.<br \/> Couleur : Noir.<\/p>\n","protected":false},"excerpt":{"rendered":"<p>Baskets de s\u00e9curit\u00e9 l\u00e9g\u00e8res Slipbuster noires 44<\/p>\n","protected":false},"featured_media":77815,"comment_status":"closed","ping_status":"closed","template":"","meta":[],"product_brand":[],"product_cat":[1258,1259,1297,1257],"product_tag":[],"class_list":{"0":"post-72602","1":"product","2":"type-product","3":"status-publish","4":"has-post-thumbnail","6":"product_cat-chaussures","7":"product_cat-chaussures-de-securite","8":"product_cat-non-palettisable","9":"product_cat-vetements-et-chaussures","10":"product_shipping_class-free-shipping","12":"first","13":"outofstock","14":"featured","15":"taxable","16":"shipping-taxable","17":"purchasable","18":"product-type-simple"},"_links":{"self":[{"href":"https:\/\/abinox-chr-clim.com\/index.php\/wp-json\/wp\/v2\/product\/72602","targetHints":{"allow":["GET"]}}],"collection":[{"href":"https:\/\/abinox-chr-clim.com\/index.php\/wp-json\/wp\/v2\/product"}],"about":[{"href":"https:\/\/abinox-chr-clim.com\/index.php\/wp-json\/wp\/v2\/types\/product"}],"replies":[{"embeddable":true,"href":"https:\/\/abinox-chr-clim.com\/index.php\/wp-json\/wp\/v2\/comments?post=72602"}],"wp:featuredmedia":[{"embeddable":true,"href":"https:\/\/abinox-chr-clim.com\/index.php\/wp-json\/wp\/v2\/media\/77815"}],"wp:attachment":[{"href":"https:\/\/abinox-chr-clim.com\/index.php\/wp-json\/wp\/v2\/media?parent=72602"}],"wp:term":[{"taxonomy":"product_brand","embeddable":true,"href":"https:\/\/abinox-chr-clim.com\/index.php\/wp-json\/wp\/v2\/product_brand?post=72602"},{"taxonomy":"product_cat","embeddable":true,"href":"https:\/\/abinox-chr-clim.com\/index.php\/wp-json\/wp\/v2\/product_cat?post=72602"},{"taxonomy":"product_tag","embeddable":true,"href":"https:\/\/abinox-chr-clim.com\/index.php\/wp-json\/wp\/v2\/product_tag?post=72602"}],"curies":[{"name":"wp","href":"https:\/\/api.w.org\/{rel}","templated":true}]}}