{"id":72585,"date":"2024-03-22T23:17:33","date_gmt":"2024-03-22T22:17:33","guid":{"rendered":"https:\/\/abinox-chr-clim.com\/index.php\/product\/baskets-de-securite-en-cuir-nubuck-slipbuster-37\/"},"modified":"2025-09-17T10:37:35","modified_gmt":"2025-09-17T08:37:35","slug":"baskets-de-securite-en-cuir-nubuck-slipbuster-37","status":"publish","type":"product","link":"https:\/\/abinox-chr-clim.com\/index.php\/product\/baskets-de-securite-en-cuir-nubuck-slipbuster-37\/","title":{"rendered":"Baskets de s\u00e9curit\u00e9 en cuir nubuck Slipbuster 37"},"content":{"rendered":"<p>Actuelles et pratiques, ces chaussures antid\u00e9rapantes apportent une sensation de confort toute la journ\u00e9e. Baskets de s\u00e9curit\u00e9 nubuck avec semelles antid\u00e9rapantes, embout en acier et semelles int\u00e9rieures profil\u00e9es avec syst\u00e8me d&rsquo;absorption au talon pour plus de confort.<br \/>Embout en acier 200J offrant une excellente protection contre les objets tranchants ou lourds. Semelle antid\u00e9rapante offrant une excellente adh\u00e9rence sur les sols mouill\u00e9s ou huileux. La conception des baskets offre un excellent confort tout en assurant un look d\u00e9contract\u00e9. Semelle ext\u00e9rieure r\u00e9sistante \u00e0 l&rsquo;huile pour une excellente adh\u00e9rence. Semelle int\u00e9rieure perfor\u00e9e EVA offrant une grande circulation d&rsquo;air et un confort optimal. Le cuir nubuck offre une excellente durabilit\u00e9 pour une utilisation de longue dur\u00e9e. La doublure en maille respirante en nylon permet de garder les pieds frais. Classe S1 SRC.Doublure\u00a0: Maille respirante en nylon gris. Semelle\u00a0: Semelle de baskets en PU \u00e0 densit\u00e9 unique. Classe S1 SRC.  Embout en acier 200J offrant une excellente protection contre les objets tranchants ou lourds.<\/p>\n<p>Caract\u00e9ristiques :<br \/> Mati\u00e8re : Cuir nubuck.<br \/> Couleur : Noir.<\/p>\n","protected":false},"excerpt":{"rendered":"<p>Baskets de s\u00e9curit\u00e9 en cuir nubuck Slipbuster 37<\/p>\n","protected":false},"featured_media":77660,"comment_status":"closed","ping_status":"closed","template":"","meta":[],"product_brand":[],"product_cat":[1258,1259,1297,1257],"product_tag":[],"class_list":{"0":"post-72585","1":"product","2":"type-product","3":"status-publish","4":"has-post-thumbnail","6":"product_cat-chaussures","7":"product_cat-chaussures-de-securite","8":"product_cat-non-palettisable","9":"product_cat-vetements-et-chaussures","10":"product_shipping_class-free-shipping","12":"first","13":"outofstock","14":"featured","15":"taxable","16":"shipping-taxable","17":"purchasable","18":"product-type-simple"},"_links":{"self":[{"href":"https:\/\/abinox-chr-clim.com\/index.php\/wp-json\/wp\/v2\/product\/72585","targetHints":{"allow":["GET"]}}],"collection":[{"href":"https:\/\/abinox-chr-clim.com\/index.php\/wp-json\/wp\/v2\/product"}],"about":[{"href":"https:\/\/abinox-chr-clim.com\/index.php\/wp-json\/wp\/v2\/types\/product"}],"replies":[{"embeddable":true,"href":"https:\/\/abinox-chr-clim.com\/index.php\/wp-json\/wp\/v2\/comments?post=72585"}],"wp:featuredmedia":[{"embeddable":true,"href":"https:\/\/abinox-chr-clim.com\/index.php\/wp-json\/wp\/v2\/media\/77660"}],"wp:attachment":[{"href":"https:\/\/abinox-chr-clim.com\/index.php\/wp-json\/wp\/v2\/media?parent=72585"}],"wp:term":[{"taxonomy":"product_brand","embeddable":true,"href":"https:\/\/abinox-chr-clim.com\/index.php\/wp-json\/wp\/v2\/product_brand?post=72585"},{"taxonomy":"product_cat","embeddable":true,"href":"https:\/\/abinox-chr-clim.com\/index.php\/wp-json\/wp\/v2\/product_cat?post=72585"},{"taxonomy":"product_tag","embeddable":true,"href":"https:\/\/abinox-chr-clim.com\/index.php\/wp-json\/wp\/v2\/product_tag?post=72585"}],"curies":[{"name":"wp","href":"https:\/\/api.w.org\/{rel}","templated":true}]}}