{"id":72577,"date":"2024-03-22T23:17:30","date_gmt":"2024-03-22T22:17:30","guid":{"rendered":"https:\/\/abinox-chr-clim.com\/index.php\/product\/baskets-old-school-shoes-for-crews-homme-41\/"},"modified":"2025-11-20T08:45:29","modified_gmt":"2025-11-20T07:45:29","slug":"baskets-old-school-shoes-for-crews-homme-41","status":"publish","type":"product","link":"https:\/\/abinox-chr-clim.com\/index.php\/product\/baskets-old-school-shoes-for-crews-homme-41\/","title":{"rendered":"Baskets Old School Shoes for Crews homme 41"},"content":{"rendered":"<p>Fabrication en cuir offrant une excellente durabilit\u00e9 et une protection suppl\u00e9mentaire. Le cuir respirant permet \u00e9galement de supprimer la transpiration pour garder les pieds au frais. Mighty Grip, semelles antid\u00e9rapantes offrant une excellente stabilit\u00e9 sur sol humide ou huileux. Semelles int\u00e9rieures amovibles et matelass\u00e9es pour amortir l&rsquo;impact sur les pieds. Semelle intercalaire souple et l\u00e9g\u00e8re pour une utilisation sans douleur lorsque vous passez de longues heures debout. Semelle ext\u00e9rieure effil\u00e9e pour minimiser le risque de tr\u00e9buchement. Le coloris noir ajoute un look professionnel et minimaliste aux uniformes du personnel. Convient pour un usage professionnel ou personnel. BS EN ISO 13287:2012.Fabrication en cuir offrant une excellente durabilit\u00e9 et une protection suppl\u00e9mentaire.<\/p>\n<p>Caract\u00e9ristiques :<br \/> Mati\u00e8re : Cuir.<br \/> Couleur : Noir.<\/p>\n","protected":false},"excerpt":{"rendered":"<p>Baskets Old School Shoes for Crews homme 41<\/p>\n","protected":false},"featured_media":77053,"comment_status":"closed","ping_status":"closed","template":"","meta":[],"product_brand":[],"product_cat":[1258,1259,1297,1257],"product_tag":[],"class_list":{"0":"post-72577","1":"product","2":"type-product","3":"status-publish","4":"has-post-thumbnail","6":"product_cat-chaussures","7":"product_cat-chaussures-de-securite","8":"product_cat-non-palettisable","9":"product_cat-vetements-et-chaussures","10":"product_shipping_class-free-shipping","12":"first","13":"outofstock","14":"featured","15":"taxable","16":"shipping-taxable","17":"purchasable","18":"product-type-simple"},"_links":{"self":[{"href":"https:\/\/abinox-chr-clim.com\/index.php\/wp-json\/wp\/v2\/product\/72577","targetHints":{"allow":["GET"]}}],"collection":[{"href":"https:\/\/abinox-chr-clim.com\/index.php\/wp-json\/wp\/v2\/product"}],"about":[{"href":"https:\/\/abinox-chr-clim.com\/index.php\/wp-json\/wp\/v2\/types\/product"}],"replies":[{"embeddable":true,"href":"https:\/\/abinox-chr-clim.com\/index.php\/wp-json\/wp\/v2\/comments?post=72577"}],"wp:featuredmedia":[{"embeddable":true,"href":"https:\/\/abinox-chr-clim.com\/index.php\/wp-json\/wp\/v2\/media\/77053"}],"wp:attachment":[{"href":"https:\/\/abinox-chr-clim.com\/index.php\/wp-json\/wp\/v2\/media?parent=72577"}],"wp:term":[{"taxonomy":"product_brand","embeddable":true,"href":"https:\/\/abinox-chr-clim.com\/index.php\/wp-json\/wp\/v2\/product_brand?post=72577"},{"taxonomy":"product_cat","embeddable":true,"href":"https:\/\/abinox-chr-clim.com\/index.php\/wp-json\/wp\/v2\/product_cat?post=72577"},{"taxonomy":"product_tag","embeddable":true,"href":"https:\/\/abinox-chr-clim.com\/index.php\/wp-json\/wp\/v2\/product_tag?post=72577"}],"curies":[{"name":"wp","href":"https:\/\/api.w.org\/{rel}","templated":true}]}}