{"id":72568,"date":"2024-03-22T23:17:27","date_gmt":"2024-03-22T22:17:27","guid":{"rendered":"https:\/\/abinox-chr-clim.com\/index.php\/product\/baskets-de-securite-noires-en-microfibre-recyclee-slipbuster-38-2\/"},"modified":"2026-04-02T10:09:34","modified_gmt":"2026-04-02T08:09:34","slug":"baskets-de-securite-noires-en-microfibre-recyclee-slipbuster-38-2","status":"publish","type":"product","link":"https:\/\/abinox-chr-clim.com\/index.php\/product\/baskets-de-securite-noires-en-microfibre-recyclee-slipbuster-38-2\/","title":{"rendered":"Baskets de s\u00e9curit\u00e9 noires en microfibre recycl\u00e9e Slipbuster 38"},"content":{"rendered":"<p>Baskets de s\u00e9curit\u00e9 tr\u00e8s durables avec semelles antid\u00e9rapantes. L&rsquo;absence d&#8217;embout et la conception antibact\u00e9rienne respirante offrent aux pieds beaucoup d&rsquo;espace et de circulation d&rsquo;air pour plus de confort. Pointures disponibles du 37 au 46.<br \/>La semelle antid\u00e9rapante sp\u00e9cialement con\u00e7ue et l&#8217;embout de protection de 200J contribuent \u00e0 la s\u00e9curit\u00e9 au travail. La semelle int\u00e9rieure perfor\u00e9e antibact\u00e9rienne en EVA\/maille favorise la circulation de l&rsquo;air pour plus de confort, en particulier pendant les longs services.Chaussures tr\u00e8s durables &#8211; con\u00e7ues pour un usage quotidien. Tissu recycl\u00e9 certifi\u00e9 GRS. Attention : sans embout de protection. Conforme \u00e0 la norme sur les chaussures de s\u00e9curit\u00e9 &#8211; BS EN ISO 20347:2012 O1 FO SRC.  La semelle antid\u00e9rapante sp\u00e9cialement con\u00e7ue et l&#8217;embout de protection de 200J contribuent \u00e0 la s\u00e9curit\u00e9 au travail.<\/p>\n<p>Caract\u00e9ristiques :<br \/> Mati\u00e8re : .<br \/> Couleur : Noir.<\/p>\n","protected":false},"excerpt":{"rendered":"<p>Baskets de s\u00e9curit\u00e9 noires en microfibre recycl\u00e9e Slipbuster 38<\/p>\n","protected":false},"featured_media":76747,"comment_status":"closed","ping_status":"closed","template":"","meta":[],"product_brand":[],"product_cat":[1258,1259,1297,1257],"product_tag":[],"class_list":{"0":"post-72568","1":"product","2":"type-product","3":"status-publish","4":"has-post-thumbnail","6":"product_cat-chaussures","7":"product_cat-chaussures-de-securite","8":"product_cat-non-palettisable","9":"product_cat-vetements-et-chaussures","10":"product_shipping_class-free-shipping","12":"first","13":"instock","14":"featured","15":"taxable","16":"shipping-taxable","17":"purchasable","18":"product-type-simple"},"_links":{"self":[{"href":"https:\/\/abinox-chr-clim.com\/index.php\/wp-json\/wp\/v2\/product\/72568","targetHints":{"allow":["GET"]}}],"collection":[{"href":"https:\/\/abinox-chr-clim.com\/index.php\/wp-json\/wp\/v2\/product"}],"about":[{"href":"https:\/\/abinox-chr-clim.com\/index.php\/wp-json\/wp\/v2\/types\/product"}],"replies":[{"embeddable":true,"href":"https:\/\/abinox-chr-clim.com\/index.php\/wp-json\/wp\/v2\/comments?post=72568"}],"wp:featuredmedia":[{"embeddable":true,"href":"https:\/\/abinox-chr-clim.com\/index.php\/wp-json\/wp\/v2\/media\/76747"}],"wp:attachment":[{"href":"https:\/\/abinox-chr-clim.com\/index.php\/wp-json\/wp\/v2\/media?parent=72568"}],"wp:term":[{"taxonomy":"product_brand","embeddable":true,"href":"https:\/\/abinox-chr-clim.com\/index.php\/wp-json\/wp\/v2\/product_brand?post=72568"},{"taxonomy":"product_cat","embeddable":true,"href":"https:\/\/abinox-chr-clim.com\/index.php\/wp-json\/wp\/v2\/product_cat?post=72568"},{"taxonomy":"product_tag","embeddable":true,"href":"https:\/\/abinox-chr-clim.com\/index.php\/wp-json\/wp\/v2\/product_tag?post=72568"}],"curies":[{"name":"wp","href":"https:\/\/api.w.org\/{rel}","templated":true}]}}