{"id":72542,"date":"2024-03-22T23:17:14","date_gmt":"2024-03-22T22:17:14","guid":{"rendered":"https:\/\/abinox-chr-clim.com\/index.php\/product\/mocassins-de-securite-slipbuster-lite-noirs-44\/"},"modified":"2026-04-02T08:25:28","modified_gmt":"2026-04-02T06:25:28","slug":"mocassins-de-securite-slipbuster-lite-noirs-44","status":"publish","type":"product","link":"https:\/\/abinox-chr-clim.com\/index.php\/product\/mocassins-de-securite-slipbuster-lite-noirs-44\/","title":{"rendered":"Mocassins de s\u00e9curit\u00e9 Slipbuster Lite noirs 44"},"content":{"rendered":"<p>Chaussures pratiques sans lacet pour une utilisation en salle ou en cuisine. Lavables en machine \u00e0 40\u00b0C.<br \/>Protection des orteils 200J contre les chocs ou la compression. Semelles antid\u00e9rapantes pour plus d&rsquo;adh\u00e9rence dans les cuisines anim\u00e9es. Semelles en polyur\u00e9thane antistatique pour plus de s\u00e9curit\u00e9. Talon absorbant l&rsquo;\u00e9nergie pour soulager les longs quarts de travail. Doublure en fibre de coton qui am\u00e9liore le confort. Quatre fois plus respirant que le cuir pour les pieds au frais. Ultra l\u00e9g\u00e8res pour un confort toute la journ\u00e9e. Apparence professionnelle adapt\u00e9e \u00e0 tous les uniformes du personnel. Conception robuste qui r\u00e9siste \u00e0 une utilisation commerciale quotidienne. Lavables en machine pour un nettoyage facile. Certifi\u00e9es \u00e0 la norme EN 20345:2011 S1 SRC. Protection des orteils 200J contre les chocs ou la compression.<\/p>\n<p>Caract\u00e9ristiques :<br \/> Mati\u00e8re : Polyur\u00e9thane.<br \/> Couleur : Noir.<\/p>\n","protected":false},"excerpt":{"rendered":"<p>Mocassins de s\u00e9curit\u00e9 Slipbuster Lite noirs 44<\/p>\n","protected":false},"featured_media":74704,"comment_status":"closed","ping_status":"closed","template":"","meta":[],"product_brand":[],"product_cat":[1258,1259,1297,1257],"product_tag":[],"class_list":{"0":"post-72542","1":"product","2":"type-product","3":"status-publish","4":"has-post-thumbnail","6":"product_cat-chaussures","7":"product_cat-chaussures-de-securite","8":"product_cat-non-palettisable","9":"product_cat-vetements-et-chaussures","10":"product_shipping_class-free-shipping","12":"first","13":"instock","14":"featured","15":"taxable","16":"shipping-taxable","17":"purchasable","18":"product-type-simple"},"_links":{"self":[{"href":"https:\/\/abinox-chr-clim.com\/index.php\/wp-json\/wp\/v2\/product\/72542","targetHints":{"allow":["GET"]}}],"collection":[{"href":"https:\/\/abinox-chr-clim.com\/index.php\/wp-json\/wp\/v2\/product"}],"about":[{"href":"https:\/\/abinox-chr-clim.com\/index.php\/wp-json\/wp\/v2\/types\/product"}],"replies":[{"embeddable":true,"href":"https:\/\/abinox-chr-clim.com\/index.php\/wp-json\/wp\/v2\/comments?post=72542"}],"wp:featuredmedia":[{"embeddable":true,"href":"https:\/\/abinox-chr-clim.com\/index.php\/wp-json\/wp\/v2\/media\/74704"}],"wp:attachment":[{"href":"https:\/\/abinox-chr-clim.com\/index.php\/wp-json\/wp\/v2\/media?parent=72542"}],"wp:term":[{"taxonomy":"product_brand","embeddable":true,"href":"https:\/\/abinox-chr-clim.com\/index.php\/wp-json\/wp\/v2\/product_brand?post=72542"},{"taxonomy":"product_cat","embeddable":true,"href":"https:\/\/abinox-chr-clim.com\/index.php\/wp-json\/wp\/v2\/product_cat?post=72542"},{"taxonomy":"product_tag","embeddable":true,"href":"https:\/\/abinox-chr-clim.com\/index.php\/wp-json\/wp\/v2\/product_tag?post=72542"}],"curies":[{"name":"wp","href":"https:\/\/api.w.org\/{rel}","templated":true}]}}