{"id":72532,"date":"2024-03-22T23:17:09","date_gmt":"2024-03-22T22:17:09","guid":{"rendered":"https:\/\/abinox-chr-clim.com\/index.php\/product\/chaussures-de-securite-a-lacets-slipbuster-lite-noires-46\/"},"modified":"2026-01-12T07:21:02","modified_gmt":"2026-01-12T06:21:02","slug":"chaussures-de-securite-a-lacets-slipbuster-lite-noires-46","status":"publish","type":"product","link":"https:\/\/abinox-chr-clim.com\/index.php\/product\/chaussures-de-securite-a-lacets-slipbuster-lite-noires-46\/","title":{"rendered":"Chaussures de s\u00e9curit\u00e9 \u00e0 lacets Slipbuster Lite noires 46"},"content":{"rendered":"<p>Chaussures \u00e0 lacets standards, id\u00e9ales pour une utilisation en cuisine et pour le personnel en salle.<br \/>Ultra l\u00e9g\u00e8res pour un confort tout le long de la journ\u00e9e. Mati\u00e8re qui respire 4 fois plus que le cuir. Fabrication tr\u00e8s solide.Lavable en machine.Embout de protection recouvert de plastique, r\u00e9sistance 200 joules.Doublure en fibre de coton.Protection antistatique. Semelle r\u00e9sistante au carburant. Talon absorbant les chocs. Semelle antid\u00e9rapante. Ultra l\u00e9g\u00e8res pour un confort tout le long de la journ\u00e9e. Mati\u00e8re qui respire 4 fois plus que le cuir. .<br \/> Caract\u00e9ristiques :<br \/> Mati\u00e8re : Polyur\u00e9thane.<br \/> Couleur : Noir.<\/p>\n","protected":false},"excerpt":{"rendered":"<p>Chaussures de s\u00e9curit\u00e9 \u00e0 lacets Slipbuster Lite noires 46<\/p>\n","protected":false},"featured_media":104876,"comment_status":"closed","ping_status":"closed","template":"","meta":[],"product_brand":[],"product_cat":[1258,1259,1297,1257],"product_tag":[],"class_list":{"0":"post-72532","1":"product","2":"type-product","3":"status-publish","4":"has-post-thumbnail","6":"product_cat-chaussures","7":"product_cat-chaussures-de-securite","8":"product_cat-non-palettisable","9":"product_cat-vetements-et-chaussures","10":"product_shipping_class-free-shipping","12":"first","13":"outofstock","14":"featured","15":"taxable","16":"shipping-taxable","17":"purchasable","18":"product-type-simple"},"_links":{"self":[{"href":"https:\/\/abinox-chr-clim.com\/index.php\/wp-json\/wp\/v2\/product\/72532","targetHints":{"allow":["GET"]}}],"collection":[{"href":"https:\/\/abinox-chr-clim.com\/index.php\/wp-json\/wp\/v2\/product"}],"about":[{"href":"https:\/\/abinox-chr-clim.com\/index.php\/wp-json\/wp\/v2\/types\/product"}],"replies":[{"embeddable":true,"href":"https:\/\/abinox-chr-clim.com\/index.php\/wp-json\/wp\/v2\/comments?post=72532"}],"wp:featuredmedia":[{"embeddable":true,"href":"https:\/\/abinox-chr-clim.com\/index.php\/wp-json\/wp\/v2\/media\/104876"}],"wp:attachment":[{"href":"https:\/\/abinox-chr-clim.com\/index.php\/wp-json\/wp\/v2\/media?parent=72532"}],"wp:term":[{"taxonomy":"product_brand","embeddable":true,"href":"https:\/\/abinox-chr-clim.com\/index.php\/wp-json\/wp\/v2\/product_brand?post=72532"},{"taxonomy":"product_cat","embeddable":true,"href":"https:\/\/abinox-chr-clim.com\/index.php\/wp-json\/wp\/v2\/product_cat?post=72532"},{"taxonomy":"product_tag","embeddable":true,"href":"https:\/\/abinox-chr-clim.com\/index.php\/wp-json\/wp\/v2\/product_tag?post=72532"}],"curies":[{"name":"wp","href":"https:\/\/api.w.org\/{rel}","templated":true}]}}