{"id":72518,"date":"2024-03-22T23:17:03","date_gmt":"2024-03-22T22:17:03","guid":{"rendered":"https:\/\/abinox-chr-clim.com\/index.php\/product\/baskets-de-securite-slipbuster-44\/"},"modified":"2026-04-11T08:21:09","modified_gmt":"2026-04-11T06:21:09","slug":"baskets-de-securite-slipbuster-44","status":"publish","type":"product","link":"https:\/\/abinox-chr-clim.com\/index.php\/product\/baskets-de-securite-slipbuster-44\/","title":{"rendered":"Baskets de s\u00e9curit\u00e9 Slipbuster 44"},"content":{"rendered":"<p>Chaussures confortables, modernes et pratiques, id\u00e9ales pour une utilisation toute la journ\u00e9e au travail, comme en dehors.<br \/>Les semelles antid\u00e9rapantes offrent une excellente adh\u00e9rence sur les sols humides ou huileux. La tige en microfibre assure une excellente protection du pied. La tige en microfibre am\u00e9liore \u00e9galement la respirabilit\u00e9 pour garder le personnel au frais.Les embouts en acier minimisent les blessures caus\u00e9es par des objets lourds ou pointus. Le design fin permet de conserver un aspect \u00e9l\u00e9gant. Les semelles ext\u00e9rieures en polyur\u00e9thane \u00e0 double densit\u00e9 aident \u00e0 r\u00e9duire l&rsquo;impact et \u00e0 am\u00e9liorer le confort. Bout renforc\u00e9 200J.Norme EN20345:2011 S1 SRA.Les semelles antid\u00e9rapantes offrent une excellente adh\u00e9rence sur les sols humides ou huileux.<\/p>\n<p>Caract\u00e9ristiques :<br \/> Mati\u00e8re : Dessus en cuir.<br \/> Couleur : Noir.<\/p>\n","protected":false},"excerpt":{"rendered":"<p>Baskets de s\u00e9curit\u00e9 Slipbuster 44<\/p>\n","protected":false},"featured_media":74321,"comment_status":"closed","ping_status":"closed","template":"","meta":[],"product_brand":[],"product_cat":[1258,1259,1297,1257],"product_tag":[],"class_list":{"0":"post-72518","1":"product","2":"type-product","3":"status-publish","4":"has-post-thumbnail","6":"product_cat-chaussures","7":"product_cat-chaussures-de-securite","8":"product_cat-non-palettisable","9":"product_cat-vetements-et-chaussures","10":"product_shipping_class-free-shipping","12":"first","13":"instock","14":"featured","15":"taxable","16":"shipping-taxable","17":"purchasable","18":"product-type-simple"},"_links":{"self":[{"href":"https:\/\/abinox-chr-clim.com\/index.php\/wp-json\/wp\/v2\/product\/72518","targetHints":{"allow":["GET"]}}],"collection":[{"href":"https:\/\/abinox-chr-clim.com\/index.php\/wp-json\/wp\/v2\/product"}],"about":[{"href":"https:\/\/abinox-chr-clim.com\/index.php\/wp-json\/wp\/v2\/types\/product"}],"replies":[{"embeddable":true,"href":"https:\/\/abinox-chr-clim.com\/index.php\/wp-json\/wp\/v2\/comments?post=72518"}],"wp:featuredmedia":[{"embeddable":true,"href":"https:\/\/abinox-chr-clim.com\/index.php\/wp-json\/wp\/v2\/media\/74321"}],"wp:attachment":[{"href":"https:\/\/abinox-chr-clim.com\/index.php\/wp-json\/wp\/v2\/media?parent=72518"}],"wp:term":[{"taxonomy":"product_brand","embeddable":true,"href":"https:\/\/abinox-chr-clim.com\/index.php\/wp-json\/wp\/v2\/product_brand?post=72518"},{"taxonomy":"product_cat","embeddable":true,"href":"https:\/\/abinox-chr-clim.com\/index.php\/wp-json\/wp\/v2\/product_cat?post=72518"},{"taxonomy":"product_tag","embeddable":true,"href":"https:\/\/abinox-chr-clim.com\/index.php\/wp-json\/wp\/v2\/product_tag?post=72518"}],"curies":[{"name":"wp","href":"https:\/\/api.w.org\/{rel}","templated":true}]}}