{"id":72509,"date":"2024-03-22T23:17:00","date_gmt":"2024-03-22T22:17:00","guid":{"rendered":"https:\/\/abinox-chr-clim.com\/index.php\/product\/pantalon-cargo-whites-noir-xl\/"},"modified":"2026-04-11T10:15:18","modified_gmt":"2026-04-11T08:15:18","slug":"pantalon-cargo-whites-noir-xl","status":"publish","type":"product","link":"https:\/\/abinox-chr-clim.com\/index.php\/product\/pantalon-cargo-whites-noir-xl\/","title":{"rendered":"Pantalon cargo Whites noir XL"},"content":{"rendered":"<p>Nouveau pantalon cargo coupe classique de Whites Classic Chefs Clothing. Con\u00e7u pour un look plus d\u00e9contract\u00e9. Les poches lat\u00e9rales au milieu de la jambe apportent le style cargo. Coloris noir rendant les taches moins visibles.<br \/>Le design noir \u00e9l\u00e9gant aide \u00e0 cacher les d\u00e9versements et les taches quotidiens. Poches \u00e0 fermeture velcro sur les jambes. Coupe classique et confortable. Con\u00e7u pour le personnel de cuisine et de salle. Lavage \u00e0 40 degr\u00e9s. Repassage medium. S\u00e8che-linge moyen. Conception mixte.  Le design noir \u00e9l\u00e9gant aide \u00e0 cacher les d\u00e9versements et les taches quotidiens.<\/p>\n<p>Caract\u00e9ristiques :<br \/> Mati\u00e8re : .<br \/> Poids du tissu : 240g\/m\u00b2.<br \/> Couleur : Noir.<\/p>\n","protected":false},"excerpt":{"rendered":"<p>Pantalon cargo Whites noir XL<\/p>\n","protected":false},"featured_media":78309,"comment_status":"closed","ping_status":"closed","template":"","meta":[],"product_brand":[],"product_cat":[1297,1257],"product_tag":[],"class_list":{"0":"post-72509","1":"product","2":"type-product","3":"status-publish","4":"has-post-thumbnail","6":"product_cat-non-palettisable","7":"product_cat-vetements-et-chaussures","8":"product_shipping_class-free-shipping","10":"first","11":"instock","12":"featured","13":"taxable","14":"shipping-taxable","15":"purchasable","16":"product-type-simple"},"_links":{"self":[{"href":"https:\/\/abinox-chr-clim.com\/index.php\/wp-json\/wp\/v2\/product\/72509","targetHints":{"allow":["GET"]}}],"collection":[{"href":"https:\/\/abinox-chr-clim.com\/index.php\/wp-json\/wp\/v2\/product"}],"about":[{"href":"https:\/\/abinox-chr-clim.com\/index.php\/wp-json\/wp\/v2\/types\/product"}],"replies":[{"embeddable":true,"href":"https:\/\/abinox-chr-clim.com\/index.php\/wp-json\/wp\/v2\/comments?post=72509"}],"wp:featuredmedia":[{"embeddable":true,"href":"https:\/\/abinox-chr-clim.com\/index.php\/wp-json\/wp\/v2\/media\/78309"}],"wp:attachment":[{"href":"https:\/\/abinox-chr-clim.com\/index.php\/wp-json\/wp\/v2\/media?parent=72509"}],"wp:term":[{"taxonomy":"product_brand","embeddable":true,"href":"https:\/\/abinox-chr-clim.com\/index.php\/wp-json\/wp\/v2\/product_brand?post=72509"},{"taxonomy":"product_cat","embeddable":true,"href":"https:\/\/abinox-chr-clim.com\/index.php\/wp-json\/wp\/v2\/product_cat?post=72509"},{"taxonomy":"product_tag","embeddable":true,"href":"https:\/\/abinox-chr-clim.com\/index.php\/wp-json\/wp\/v2\/product_tag?post=72509"}],"curies":[{"name":"wp","href":"https:\/\/api.w.org\/{rel}","templated":true}]}}