{"id":72499,"date":"2024-03-22T23:09:07","date_gmt":"2024-03-22T22:09:07","guid":{"rendered":"https:\/\/abinox-chr-clim.com\/index.php\/product\/signaletique-pour-le-lavage-des-mains-uniquement-vogue-en-anglais\/"},"modified":"2026-04-02T09:48:25","modified_gmt":"2026-04-02T07:48:25","slug":"signaletique-pour-le-lavage-des-mains-uniquement-vogue-en-anglais","status":"publish","type":"product","link":"https:\/\/abinox-chr-clim.com\/index.php\/product\/signaletique-pour-le-lavage-des-mains-uniquement-vogue-en-anglais\/","title":{"rendered":"Signal\u00e9tique pour le lavage des mains uniquement Vogue (en anglais)"},"content":{"rendered":"<p>Dimensions: 230 x 90mm. Waterproof. Consigne essentielle pour la pr\u00e9paration alimentaire. Autocollant vinyle. Message clair, tr\u00e8s visible. Aide \u00e0 \u00e9viter le risque de contamination crois\u00e9e.  Dimensions: 230 x 90mm.<\/p>\n<p>Caract\u00e9ristiques :<br \/> Dimensions : 90(H) x 230(L) mm.<br \/> Mati\u00e8re : Vinyle<\/p>\n","protected":false},"excerpt":{"rendered":"<p>Signal\u00e9tique pour le lavage des mains uniquement Vogue (en anglais)<\/p>\n","protected":false},"featured_media":104818,"comment_status":"closed","ping_status":"closed","template":"","meta":[],"product_brand":[],"product_cat":[1297,1247,1245,1216],"product_tag":[],"class_list":{"0":"post-72499","1":"product","2":"type-product","3":"status-publish","4":"has-post-thumbnail","6":"product_cat-non-palettisable","7":"product_cat-panneaux-de-securite","8":"product_cat-securite-usage-unique-et-entretien","9":"product_cat-usage-unique-et-entretien","10":"product_shipping_class-free-shipping","12":"first","13":"outofstock","14":"featured","15":"taxable","16":"shipping-taxable","17":"purchasable","18":"product-type-simple"},"_links":{"self":[{"href":"https:\/\/abinox-chr-clim.com\/index.php\/wp-json\/wp\/v2\/product\/72499","targetHints":{"allow":["GET"]}}],"collection":[{"href":"https:\/\/abinox-chr-clim.com\/index.php\/wp-json\/wp\/v2\/product"}],"about":[{"href":"https:\/\/abinox-chr-clim.com\/index.php\/wp-json\/wp\/v2\/types\/product"}],"replies":[{"embeddable":true,"href":"https:\/\/abinox-chr-clim.com\/index.php\/wp-json\/wp\/v2\/comments?post=72499"}],"wp:featuredmedia":[{"embeddable":true,"href":"https:\/\/abinox-chr-clim.com\/index.php\/wp-json\/wp\/v2\/media\/104818"}],"wp:attachment":[{"href":"https:\/\/abinox-chr-clim.com\/index.php\/wp-json\/wp\/v2\/media?parent=72499"}],"wp:term":[{"taxonomy":"product_brand","embeddable":true,"href":"https:\/\/abinox-chr-clim.com\/index.php\/wp-json\/wp\/v2\/product_brand?post=72499"},{"taxonomy":"product_cat","embeddable":true,"href":"https:\/\/abinox-chr-clim.com\/index.php\/wp-json\/wp\/v2\/product_cat?post=72499"},{"taxonomy":"product_tag","embeddable":true,"href":"https:\/\/abinox-chr-clim.com\/index.php\/wp-json\/wp\/v2\/product_tag?post=72499"}],"curies":[{"name":"wp","href":"https:\/\/api.w.org\/{rel}","templated":true}]}}