{"id":72485,"date":"2024-03-22T23:09:01","date_gmt":"2024-03-22T22:09:01","guid":{"rendered":"https:\/\/abinox-chr-clim.com\/index.php\/product\/pailles-en-papier-biodegradables-utopia-cuivrees-lot-de-250\/"},"modified":"2026-04-02T10:00:08","modified_gmt":"2026-04-02T08:00:08","slug":"pailles-en-papier-biodegradables-utopia-cuivrees-lot-de-250","status":"publish","type":"product","link":"https:\/\/abinox-chr-clim.com\/index.php\/product\/pailles-en-papier-biodegradables-utopia-cuivrees-lot-de-250\/","title":{"rendered":"Pailles en papier biod\u00e9gradables Utopia cuivr\u00e9es (lot de 250)"},"content":{"rendered":"<p>Pailles de 200 mm avec al\u00e9sage de 6 mm.<br \/>Le mat\u00e9riau en papier signifie que les pailles se biod\u00e9gradent rapidement et sans nuire \u00e0 l&rsquo;environnement. Alternatives plus \u00e9cologiques aux pailles en plastique traditionnelles. Diff\u00e9rents mod\u00e8les disponibles. Con\u00e7ues pour un usage unique. Style m\u00e9tallique contemporain. Diam\u00e8tre 6mm.  Le mat\u00e9riau en papier signifie que les pailles se biod\u00e9gradent rapidement et sans nuire \u00e0 l&rsquo;environnement.<\/p>\n<p>Caract\u00e9ristiques :<br \/>Lot : 250.<br \/> Dimensions : 200(L) mm.<br \/> Mati\u00e8re : Papier.<br \/> Couleur : Cuivre.<\/p>\n","protected":false},"excerpt":{"rendered":"<p>Pailles en papier biod\u00e9gradables Utopia cuivr\u00e9es (lot de 250)<\/p>\n","protected":false},"featured_media":93449,"comment_status":"closed","ping_status":"closed","template":"","meta":[],"product_brand":[],"product_cat":[1246,1297,1245,1216],"product_tag":[],"class_list":{"0":"post-72485","1":"product","2":"type-product","3":"status-publish","4":"has-post-thumbnail","6":"product_cat-divers-securite-usage-unique-et-entretien","7":"product_cat-non-palettisable","8":"product_cat-securite-usage-unique-et-entretien","9":"product_cat-usage-unique-et-entretien","10":"product_shipping_class-free-shipping","12":"first","13":"instock","14":"featured","15":"taxable","16":"shipping-taxable","17":"purchasable","18":"product-type-simple"},"_links":{"self":[{"href":"https:\/\/abinox-chr-clim.com\/index.php\/wp-json\/wp\/v2\/product\/72485","targetHints":{"allow":["GET"]}}],"collection":[{"href":"https:\/\/abinox-chr-clim.com\/index.php\/wp-json\/wp\/v2\/product"}],"about":[{"href":"https:\/\/abinox-chr-clim.com\/index.php\/wp-json\/wp\/v2\/types\/product"}],"replies":[{"embeddable":true,"href":"https:\/\/abinox-chr-clim.com\/index.php\/wp-json\/wp\/v2\/comments?post=72485"}],"wp:featuredmedia":[{"embeddable":true,"href":"https:\/\/abinox-chr-clim.com\/index.php\/wp-json\/wp\/v2\/media\/93449"}],"wp:attachment":[{"href":"https:\/\/abinox-chr-clim.com\/index.php\/wp-json\/wp\/v2\/media?parent=72485"}],"wp:term":[{"taxonomy":"product_brand","embeddable":true,"href":"https:\/\/abinox-chr-clim.com\/index.php\/wp-json\/wp\/v2\/product_brand?post=72485"},{"taxonomy":"product_cat","embeddable":true,"href":"https:\/\/abinox-chr-clim.com\/index.php\/wp-json\/wp\/v2\/product_cat?post=72485"},{"taxonomy":"product_tag","embeddable":true,"href":"https:\/\/abinox-chr-clim.com\/index.php\/wp-json\/wp\/v2\/product_tag?post=72485"}],"curies":[{"name":"wp","href":"https:\/\/api.w.org\/{rel}","templated":true}]}}