{"id":72304,"date":"2024-03-22T23:07:30","date_gmt":"2024-03-22T22:07:30","guid":{"rendered":"https:\/\/abinox-chr-clim.com\/index.php\/product\/etiquettes-plats-vegetariens-hygiplas-lot-de-1000\/"},"modified":"2026-04-14T09:23:28","modified_gmt":"2026-04-14T07:23:28","slug":"etiquettes-plats-vegetariens-hygiplas-lot-de-1000","status":"publish","type":"product","link":"https:\/\/abinox-chr-clim.com\/index.php\/product\/etiquettes-plats-vegetariens-hygiplas-lot-de-1000\/","title":{"rendered":"Etiquettes plats v\u00e9g\u00e9tariens Hygiplas (Lot de 1000)"},"content":{"rendered":"<p>Etiquettes adh\u00e9sives amovibles pour une identification pr\u00e9cise des produits adapt\u00e9s aux v\u00e9g\u00e9tariens.<\/p>\n<p>Caract\u00e9ristiques :<br \/>Lot : 1000.<\/p>\n","protected":false},"excerpt":{"rendered":"<p>Etiquettes plats v\u00e9g\u00e9tariens Hygiplas (Lot de 1000)<\/p>\n","protected":false},"featured_media":98913,"comment_status":"closed","ping_status":"closed","template":"","meta":[],"product_brand":[],"product_cat":[1242,1297,1238,1216],"product_tag":[],"class_list":{"0":"post-72304","1":"product","2":"type-product","3":"status-publish","4":"has-post-thumbnail","6":"product_cat-etiquettes","7":"product_cat-non-palettisable","8":"product_cat-produits-a-usage-unique","9":"product_cat-usage-unique-et-entretien","10":"product_shipping_class-free-shipping","12":"first","13":"outofstock","14":"featured","15":"taxable","16":"shipping-taxable","17":"purchasable","18":"product-type-simple"},"_links":{"self":[{"href":"https:\/\/abinox-chr-clim.com\/index.php\/wp-json\/wp\/v2\/product\/72304","targetHints":{"allow":["GET"]}}],"collection":[{"href":"https:\/\/abinox-chr-clim.com\/index.php\/wp-json\/wp\/v2\/product"}],"about":[{"href":"https:\/\/abinox-chr-clim.com\/index.php\/wp-json\/wp\/v2\/types\/product"}],"replies":[{"embeddable":true,"href":"https:\/\/abinox-chr-clim.com\/index.php\/wp-json\/wp\/v2\/comments?post=72304"}],"wp:featuredmedia":[{"embeddable":true,"href":"https:\/\/abinox-chr-clim.com\/index.php\/wp-json\/wp\/v2\/media\/98913"}],"wp:attachment":[{"href":"https:\/\/abinox-chr-clim.com\/index.php\/wp-json\/wp\/v2\/media?parent=72304"}],"wp:term":[{"taxonomy":"product_brand","embeddable":true,"href":"https:\/\/abinox-chr-clim.com\/index.php\/wp-json\/wp\/v2\/product_brand?post=72304"},{"taxonomy":"product_cat","embeddable":true,"href":"https:\/\/abinox-chr-clim.com\/index.php\/wp-json\/wp\/v2\/product_cat?post=72304"},{"taxonomy":"product_tag","embeddable":true,"href":"https:\/\/abinox-chr-clim.com\/index.php\/wp-json\/wp\/v2\/product_tag?post=72304"}],"curies":[{"name":"wp","href":"https:\/\/api.w.org\/{rel}","templated":true}]}}