{"id":72302,"date":"2024-03-22T23:07:29","date_gmt":"2024-03-22T22:07:29","guid":{"rendered":"https:\/\/abinox-chr-clim.com\/index.php\/product\/etiquettes-solubles-pour-aliments-hygiplas-samedi-lot-de-1000\/"},"modified":"2026-04-14T09:22:53","modified_gmt":"2026-04-14T07:22:53","slug":"etiquettes-solubles-pour-aliments-hygiplas-samedi-lot-de-1000","status":"publish","type":"product","link":"https:\/\/abinox-chr-clim.com\/index.php\/product\/etiquettes-solubles-pour-aliments-hygiplas-samedi-lot-de-1000\/","title":{"rendered":"Etiquettes solubles pour aliments Hygiplas samedi (Lot de 1000)"},"content":{"rendered":"<p>Etiquettes hygi\u00e9niques, totalement biod\u00e9gradables qui se dissolvent dans l&rsquo;eau \u00e0 toute temp\u00e9rature, sans r\u00e9sidu adh\u00e9sif, refuge de bact\u00e9ries.  Facilement inscriptibles avec un stylo. Rouleau de 1000 \u00e9tiquettes fourni dans un distributeur pratique. Dimension de l&rsquo;\u00e9tiquette : 20 mm. A utiliser avec le distributeur L937.<br \/>Les \u00e9tiquettes se dissolvent une fois enti\u00e8rement immerg\u00e9es dans l&rsquo;eau, \u00e0 n&rsquo;importe quelle temp\u00e9rature.\u00c9limine les r\u00e9sidus d&rsquo;adh\u00e9sif inesth\u00e9tiques. Facilement inscriptibles avec un stylo. Enti\u00e8rement biod\u00e9gradables.Les \u00e9tiquettes se dissolvent une fois enti\u00e8rement immerg\u00e9es dans l&rsquo;eau, \u00e0 n&rsquo;importe quelle temp\u00e9rature.<\/p>\n<p>Caract\u00e9ristiques :<br \/>Lot : 1000.<br \/> Dimensions : 20mm.<br \/> Mati\u00e8re : .<br \/> Couleur : Orange.<\/p>\n","protected":false},"excerpt":{"rendered":"<p>Etiquettes solubles pour aliments Hygiplas samedi (Lot de 1000)<\/p>\n","protected":false},"featured_media":98722,"comment_status":"closed","ping_status":"closed","template":"","meta":[],"product_brand":[],"product_cat":[1242,1297,1238,1216],"product_tag":[],"class_list":{"0":"post-72302","1":"product","2":"type-product","3":"status-publish","4":"has-post-thumbnail","6":"product_cat-etiquettes","7":"product_cat-non-palettisable","8":"product_cat-produits-a-usage-unique","9":"product_cat-usage-unique-et-entretien","10":"product_shipping_class-free-shipping","12":"first","13":"instock","14":"featured","15":"taxable","16":"shipping-taxable","17":"purchasable","18":"product-type-simple"},"_links":{"self":[{"href":"https:\/\/abinox-chr-clim.com\/index.php\/wp-json\/wp\/v2\/product\/72302","targetHints":{"allow":["GET"]}}],"collection":[{"href":"https:\/\/abinox-chr-clim.com\/index.php\/wp-json\/wp\/v2\/product"}],"about":[{"href":"https:\/\/abinox-chr-clim.com\/index.php\/wp-json\/wp\/v2\/types\/product"}],"replies":[{"embeddable":true,"href":"https:\/\/abinox-chr-clim.com\/index.php\/wp-json\/wp\/v2\/comments?post=72302"}],"wp:featuredmedia":[{"embeddable":true,"href":"https:\/\/abinox-chr-clim.com\/index.php\/wp-json\/wp\/v2\/media\/98722"}],"wp:attachment":[{"href":"https:\/\/abinox-chr-clim.com\/index.php\/wp-json\/wp\/v2\/media?parent=72302"}],"wp:term":[{"taxonomy":"product_brand","embeddable":true,"href":"https:\/\/abinox-chr-clim.com\/index.php\/wp-json\/wp\/v2\/product_brand?post=72302"},{"taxonomy":"product_cat","embeddable":true,"href":"https:\/\/abinox-chr-clim.com\/index.php\/wp-json\/wp\/v2\/product_cat?post=72302"},{"taxonomy":"product_tag","embeddable":true,"href":"https:\/\/abinox-chr-clim.com\/index.php\/wp-json\/wp\/v2\/product_tag?post=72302"}],"curies":[{"name":"wp","href":"https:\/\/api.w.org\/{rel}","templated":true}]}}