{"id":72295,"date":"2024-03-22T23:07:26","date_gmt":"2024-03-22T22:07:26","guid":{"rendered":"https:\/\/abinox-chr-clim.com\/index.php\/product\/lot-50-etiquettes-de-tracabilite-reutilisables-3-marqueurs-et-2-chiffons-puracycle\/"},"modified":"2025-06-30T11:09:20","modified_gmt":"2025-06-30T09:09:20","slug":"lot-50-etiquettes-de-tracabilite-reutilisables-3-marqueurs-et-2-chiffons-puracycle","status":"publish","type":"product","link":"https:\/\/abinox-chr-clim.com\/index.php\/product\/lot-50-etiquettes-de-tracabilite-reutilisables-3-marqueurs-et-2-chiffons-puracycle\/","title":{"rendered":"Lot 50 \u00e9tiquettes de tra\u00e7abilit\u00e9 r\u00e9utilisables, 3 marqueurs et 2 chiffons Puracycle"},"content":{"rendered":"<p>Ces \u00e9tiquettes r\u00e9utilisables sont con\u00e7ues pour r\u00e9duire le gaspillage et vous faire faire des \u00e9conomies. La conception r\u00e9utilisable signifie que vous n&rsquo;avez besoin d&rsquo;\u00e9tiqueter vos conteneurs qu&rsquo;une fois par an. Il suffit d&rsquo;\u00e9crire sur les \u00e9tiquettes et d&rsquo;effacer le texte \u00e0 chaque changement de contenu. Pour effacer, frotter les \u00e9tiquettes avec une \u00e9ponge ou un chiffon humide. Les \u00e9tiquettes sont con\u00e7ues pour r\u00e9sister \u00e0 environ 500 cycles de lave-vaisselle.Chaque lot de 50 fournit le m\u00eame nombre d&rsquo;utilisations que 25 000 \u00e9tiquettes standards. L&rsquo;encre du marqueur permanent r\u00e9siste \u00e0 la vapeur, la condensation, l&rsquo;eau glac\u00e9e et l&rsquo;eau bouillante. Les marqueurs ne sont pas \u00e9t\u00e9 test\u00e9s sur les animaux. Les chiffons sont enti\u00e8rement fabriqu\u00e9s \u00e0 partir de bambou renouvelable et biod\u00e9gradable. Les fibres de bambou autonettoyantes expulsent naturellement la graisse, l&rsquo;huile et autres salissures avec de l&rsquo;eau. Les fibres de bambou sont jusqu&rsquo;\u00e0 3 fois plus absorbantes que le coton. La conception \u00e0 double \u00e9paisseur rend les chiffons extr\u00eamement solides et durables. Ces \u00e9tiquettes r\u00e9utilisables sont con\u00e7ues pour r\u00e9duire le gaspillage et vous faire faire des \u00e9conomies.<\/p>\n","protected":false},"excerpt":{"rendered":"<p>Lot 50 \u00e9tiquettes de tra\u00e7abilit\u00e9 r\u00e9utilisables, 3 marqueurs et 2 chiffons Puracycle<\/p>\n","protected":false},"featured_media":99592,"comment_status":"closed","ping_status":"closed","template":"","meta":[],"product_brand":[],"product_cat":[1242,1297,1238,1216],"product_tag":[],"class_list":{"0":"post-72295","1":"product","2":"type-product","3":"status-publish","4":"has-post-thumbnail","6":"product_cat-etiquettes","7":"product_cat-non-palettisable","8":"product_cat-produits-a-usage-unique","9":"product_cat-usage-unique-et-entretien","10":"product_shipping_class-free-shipping","12":"first","13":"outofstock","14":"featured","15":"taxable","16":"shipping-taxable","17":"purchasable","18":"product-type-simple"},"_links":{"self":[{"href":"https:\/\/abinox-chr-clim.com\/index.php\/wp-json\/wp\/v2\/product\/72295","targetHints":{"allow":["GET"]}}],"collection":[{"href":"https:\/\/abinox-chr-clim.com\/index.php\/wp-json\/wp\/v2\/product"}],"about":[{"href":"https:\/\/abinox-chr-clim.com\/index.php\/wp-json\/wp\/v2\/types\/product"}],"replies":[{"embeddable":true,"href":"https:\/\/abinox-chr-clim.com\/index.php\/wp-json\/wp\/v2\/comments?post=72295"}],"wp:featuredmedia":[{"embeddable":true,"href":"https:\/\/abinox-chr-clim.com\/index.php\/wp-json\/wp\/v2\/media\/99592"}],"wp:attachment":[{"href":"https:\/\/abinox-chr-clim.com\/index.php\/wp-json\/wp\/v2\/media?parent=72295"}],"wp:term":[{"taxonomy":"product_brand","embeddable":true,"href":"https:\/\/abinox-chr-clim.com\/index.php\/wp-json\/wp\/v2\/product_brand?post=72295"},{"taxonomy":"product_cat","embeddable":true,"href":"https:\/\/abinox-chr-clim.com\/index.php\/wp-json\/wp\/v2\/product_cat?post=72295"},{"taxonomy":"product_tag","embeddable":true,"href":"https:\/\/abinox-chr-clim.com\/index.php\/wp-json\/wp\/v2\/product_tag?post=72295"}],"curies":[{"name":"wp","href":"https:\/\/api.w.org\/{rel}","templated":true}]}}