{"id":71999,"date":"2024-03-22T23:05:07","date_gmt":"2024-03-22T22:05:07","guid":{"rendered":"https:\/\/abinox-chr-clim.com\/index.php\/product\/couvercles-anti-buee-rpet-pour-barquettes-stagione-colpac-lot-de-300\/"},"modified":"2026-04-23T09:46:43","modified_gmt":"2026-04-23T07:46:43","slug":"couvercles-anti-buee-rpet-pour-barquettes-stagione-colpac-lot-de-300","status":"publish","type":"product","link":"https:\/\/abinox-chr-clim.com\/index.php\/product\/couvercles-anti-buee-rpet-pour-barquettes-stagione-colpac-lot-de-300\/","title":{"rendered":"Couvercles anti-bu\u00e9e rPET pour barquettes Stagione Colpac (lot de 300)"},"content":{"rendered":"<p>Les couvercles en rPET r\u00e9sistent au r\u00e9frig\u00e9rateur et au cong\u00e9lateur. La conception anti-bu\u00e9e assure une superbe visibilit\u00e9 du produit m\u00eame lorsqu&rsquo;il est stock\u00e9 dans des r\u00e9frig\u00e9rateurs. Le mat\u00e9riau PET recycl\u00e9 rend les couvercles plus respectueux des ressources naturelles de la plan\u00e8te. Les couvercles peuvent \u00eatre recycl\u00e9s apr\u00e8s utilisation pour une \u00e9limination plus respectueuse de l&rsquo;environnement. Une construction rigide prot\u00e8ge vos aliments \u00e0 emporter. Les couvercles peuvent \u00eatre empil\u00e9s pour un stockage peu encombrant. Ces couvercles peuvent \u00eatre utilis\u00e9s avec les trois tailles de barquettes alimentaires Colpac Stagione (FP457, FP458 et FP459).Les couvercles en rPET r\u00e9sistent au r\u00e9frig\u00e9rateur et au cong\u00e9lateur.<\/p>\n<p>Caract\u00e9ristiques :<br \/>Lot : 300.<\/p>\n","protected":false},"excerpt":{"rendered":"<p>Couvercles anti-bu\u00e9e rPET pour barquettes Stagione Colpac (lot de 300)<\/p>\n","protected":false},"featured_media":100802,"comment_status":"closed","ping_status":"closed","template":"","meta":[],"product_brand":[],"product_cat":[1239,1297,1238,1216],"product_tag":[],"class_list":{"0":"post-71999","1":"product","2":"type-product","3":"status-publish","4":"has-post-thumbnail","6":"product_cat-divers-produits-a-usage-unique","7":"product_cat-non-palettisable","8":"product_cat-produits-a-usage-unique","9":"product_cat-usage-unique-et-entretien","10":"product_shipping_class-free-shipping","12":"first","13":"outofstock","14":"featured","15":"taxable","16":"shipping-taxable","17":"purchasable","18":"product-type-simple"},"_links":{"self":[{"href":"https:\/\/abinox-chr-clim.com\/index.php\/wp-json\/wp\/v2\/product\/71999","targetHints":{"allow":["GET"]}}],"collection":[{"href":"https:\/\/abinox-chr-clim.com\/index.php\/wp-json\/wp\/v2\/product"}],"about":[{"href":"https:\/\/abinox-chr-clim.com\/index.php\/wp-json\/wp\/v2\/types\/product"}],"replies":[{"embeddable":true,"href":"https:\/\/abinox-chr-clim.com\/index.php\/wp-json\/wp\/v2\/comments?post=71999"}],"wp:featuredmedia":[{"embeddable":true,"href":"https:\/\/abinox-chr-clim.com\/index.php\/wp-json\/wp\/v2\/media\/100802"}],"wp:attachment":[{"href":"https:\/\/abinox-chr-clim.com\/index.php\/wp-json\/wp\/v2\/media?parent=71999"}],"wp:term":[{"taxonomy":"product_brand","embeddable":true,"href":"https:\/\/abinox-chr-clim.com\/index.php\/wp-json\/wp\/v2\/product_brand?post=71999"},{"taxonomy":"product_cat","embeddable":true,"href":"https:\/\/abinox-chr-clim.com\/index.php\/wp-json\/wp\/v2\/product_cat?post=71999"},{"taxonomy":"product_tag","embeddable":true,"href":"https:\/\/abinox-chr-clim.com\/index.php\/wp-json\/wp\/v2\/product_tag?post=71999"}],"curies":[{"name":"wp","href":"https:\/\/api.w.org\/{rel}","templated":true}]}}