{"id":71997,"date":"2024-03-22T23:05:06","date_gmt":"2024-03-22T22:05:06","guid":{"rendered":"https:\/\/abinox-chr-clim.com\/index.php\/product\/pailles-flexibles-compostables-en-papier-emballees-individuellement-fiesta-compostable-noires-lot-de-250\/"},"modified":"2026-04-21T09:53:36","modified_gmt":"2026-04-21T07:53:36","slug":"pailles-flexibles-compostables-en-papier-emballees-individuellement-fiesta-compostable-noires-lot-de-250","status":"publish","type":"product","link":"https:\/\/abinox-chr-clim.com\/index.php\/product\/pailles-flexibles-compostables-en-papier-emballees-individuellement-fiesta-compostable-noires-lot-de-250\/","title":{"rendered":"Pailles flexibles compostables en papier emball\u00e9es individuellement Fiesta Compostable noires (lot de 250)"},"content":{"rendered":"<p>Pr\u00e9servez l&rsquo;hygi\u00e8ne tout en participant \u00e0 la pr\u00e9servation de la plan\u00e8te, avec les pailles Fiesta Green. Les pailles sont emball\u00e9es individuellement dans un papier scell\u00e9 de mani\u00e8re hygi\u00e9nique pour emp\u00eacher le transfert de bact\u00e9ries et assurer la s\u00e9curit\u00e9 de vos clients.<br \/>Emball\u00e9es individuellement pour emp\u00eacher la propagation des bact\u00e9ries par les mains. Les pailles se composteront sous 12 semaines dans les sites de compostage industriel. Conforme norme BS EN 13432 pour la compostabilit\u00e9. Fabrication \u00e0 partir de papier renouvelable et issu de sources durables. Con\u00e7ues avec des colles et des encres naturelles de qualit\u00e9 alimentaire. Alternatives plus \u00e9cologiques aux pailles en plastique traditionnelles. A une empreinte carbone plus faible que les alternatives plastiques traditionnelles. La conception en papier 4 \u00e9paisseurs fait que les pailles r\u00e9sistent plus longtemps au ramollissement. La conception flexible permet de boire plus facilement, en particulier pour les enfants. Coloris noir \u00e9l\u00e9gant. La longueur de 210 mm est parfaite pour les grandes boissons. Diam\u00e8tre 6(\u00d8)mm. Emball\u00e9es individuellement pour emp\u00eacher la propagation des bact\u00e9ries par les mains.<\/p>\n<p>Caract\u00e9ristiques :<br \/> Mati\u00e8re : Papier<\/p>\n","protected":false},"excerpt":{"rendered":"<p>Pailles flexibles compostables en papier emball\u00e9es individuellement Fiesta Compostable noires (lot de 250)<\/p>\n","protected":false},"featured_media":100799,"comment_status":"closed","ping_status":"closed","template":"","meta":[],"product_brand":[],"product_cat":[1239,1297,1238,1216],"product_tag":[],"class_list":{"0":"post-71997","1":"product","2":"type-product","3":"status-publish","4":"has-post-thumbnail","6":"product_cat-divers-produits-a-usage-unique","7":"product_cat-non-palettisable","8":"product_cat-produits-a-usage-unique","9":"product_cat-usage-unique-et-entretien","10":"product_shipping_class-free-shipping","12":"first","13":"outofstock","14":"featured","15":"taxable","16":"shipping-taxable","17":"purchasable","18":"product-type-simple"},"_links":{"self":[{"href":"https:\/\/abinox-chr-clim.com\/index.php\/wp-json\/wp\/v2\/product\/71997","targetHints":{"allow":["GET"]}}],"collection":[{"href":"https:\/\/abinox-chr-clim.com\/index.php\/wp-json\/wp\/v2\/product"}],"about":[{"href":"https:\/\/abinox-chr-clim.com\/index.php\/wp-json\/wp\/v2\/types\/product"}],"replies":[{"embeddable":true,"href":"https:\/\/abinox-chr-clim.com\/index.php\/wp-json\/wp\/v2\/comments?post=71997"}],"wp:featuredmedia":[{"embeddable":true,"href":"https:\/\/abinox-chr-clim.com\/index.php\/wp-json\/wp\/v2\/media\/100799"}],"wp:attachment":[{"href":"https:\/\/abinox-chr-clim.com\/index.php\/wp-json\/wp\/v2\/media?parent=71997"}],"wp:term":[{"taxonomy":"product_brand","embeddable":true,"href":"https:\/\/abinox-chr-clim.com\/index.php\/wp-json\/wp\/v2\/product_brand?post=71997"},{"taxonomy":"product_cat","embeddable":true,"href":"https:\/\/abinox-chr-clim.com\/index.php\/wp-json\/wp\/v2\/product_cat?post=71997"},{"taxonomy":"product_tag","embeddable":true,"href":"https:\/\/abinox-chr-clim.com\/index.php\/wp-json\/wp\/v2\/product_tag?post=71997"}],"curies":[{"name":"wp","href":"https:\/\/api.w.org\/{rel}","templated":true}]}}