{"id":71934,"date":"2024-03-22T23:04:37","date_gmt":"2024-03-22T22:04:37","guid":{"rendered":"https:\/\/abinox-chr-clim.com\/index.php\/product\/grand-kit-pour-brulures\/"},"modified":"2026-04-11T08:25:43","modified_gmt":"2026-04-11T06:25:43","slug":"grand-kit-pour-brulures","status":"publish","type":"product","link":"https:\/\/abinox-chr-clim.com\/index.php\/product\/grand-kit-pour-brulures\/","title":{"rendered":"Grand kit pour br\u00fblures"},"content":{"rendered":"<p>Pansements de haute qualit\u00e9 pour application imm\u00e9diate sur les br\u00fblures. Les kits contiennent une s\u00e9lection de gels, de pansements et d&rsquo;autres articles auxiliaires pour dispenser des premiers soins efficaces en cas de br\u00fblures l\u00e9g\u00e8res \u00e0 graves.<br \/>2 x pansement br\u00fblure (50 x 150mm).1 x livret premiers soins.  2 x pansement br\u00fblure (100 x 100mm).2 x pansement br\u00fblure (200 x 200mm).6 x sachets de gel 3.5g.1 x bouteille de gel 59ml.2 x bandages.2 x paires de gants jetables.1 x ciseaux v\u00eatements.6 x \u00e9pingles \u00e0 nourrice.2 x pansement br\u00fblure (50 x 150mm). .<br \/> Caract\u00e9ristiques :<br \/> Dimensions : 210(H) x 235(L) x 100(P) mm.<br \/> Mati\u00e8re : Plastique.<br \/> Couleur : Orange.<\/p>\n","protected":false},"excerpt":{"rendered":"<p>Grand kit pour br\u00fblures<\/p>\n","protected":false},"featured_media":79849,"comment_status":"closed","ping_status":"closed","template":"","meta":[],"product_brand":[],"product_cat":[1236,1297,1233,1216],"product_tag":[],"class_list":{"0":"post-71934","1":"product","2":"type-product","3":"status-publish","4":"has-post-thumbnail","6":"product_cat-kits-anti-brulures","7":"product_cat-non-palettisable","8":"product_cat-premiers-soins","9":"product_cat-usage-unique-et-entretien","10":"product_shipping_class-free-shipping","12":"first","13":"instock","14":"featured","15":"taxable","16":"shipping-taxable","17":"purchasable","18":"product-type-simple"},"_links":{"self":[{"href":"https:\/\/abinox-chr-clim.com\/index.php\/wp-json\/wp\/v2\/product\/71934","targetHints":{"allow":["GET"]}}],"collection":[{"href":"https:\/\/abinox-chr-clim.com\/index.php\/wp-json\/wp\/v2\/product"}],"about":[{"href":"https:\/\/abinox-chr-clim.com\/index.php\/wp-json\/wp\/v2\/types\/product"}],"replies":[{"embeddable":true,"href":"https:\/\/abinox-chr-clim.com\/index.php\/wp-json\/wp\/v2\/comments?post=71934"}],"wp:featuredmedia":[{"embeddable":true,"href":"https:\/\/abinox-chr-clim.com\/index.php\/wp-json\/wp\/v2\/media\/79849"}],"wp:attachment":[{"href":"https:\/\/abinox-chr-clim.com\/index.php\/wp-json\/wp\/v2\/media?parent=71934"}],"wp:term":[{"taxonomy":"product_brand","embeddable":true,"href":"https:\/\/abinox-chr-clim.com\/index.php\/wp-json\/wp\/v2\/product_brand?post=71934"},{"taxonomy":"product_cat","embeddable":true,"href":"https:\/\/abinox-chr-clim.com\/index.php\/wp-json\/wp\/v2\/product_cat?post=71934"},{"taxonomy":"product_tag","embeddable":true,"href":"https:\/\/abinox-chr-clim.com\/index.php\/wp-json\/wp\/v2\/product_tag?post=71934"}],"curies":[{"name":"wp","href":"https:\/\/api.w.org\/{rel}","templated":true}]}}