{"id":71932,"date":"2024-03-22T23:04:36","date_gmt":"2024-03-22T22:04:36","guid":{"rendered":"https:\/\/abinox-chr-clim.com\/index.php\/product\/gouttes-oculaires-salines-steriles-20ml\/"},"modified":"2026-04-11T09:37:46","modified_gmt":"2026-04-11T07:37:46","slug":"gouttes-oculaires-salines-steriles-20ml","status":"publish","type":"product","link":"https:\/\/abinox-chr-clim.com\/index.php\/product\/gouttes-oculaires-salines-steriles-20ml\/","title":{"rendered":"Gouttes oculaires salines st\u00e9riles 20ml"},"content":{"rendered":"<p>Monodoses salines st\u00e9riles. Conseill\u00e9es pour l&rsquo;hygi\u00e8ne oculaire, en instillation, en lavage ou en bains, et pour le lavage des plaies. Pr\u00eates \u00e0 l&#8217;emploi, usage unique.<br \/>St\u00e9rile. Usage unique. Hygi\u00e8ne oculaire. Nettoyage des plaies. Pr\u00eat \u00e0 l&#8217;emploi.  St\u00e9rile.<\/p>\n<p>Caract\u00e9ristiques :<br \/>Lot : 25.<br \/> Capacit\u00e9 : 20ml.<br \/> Dimensions : 120(H) x 115(L) x 90(P) mm.<br \/> Mati\u00e8re : .<br \/> Couleur : Bleu.<\/p>\n","protected":false},"excerpt":{"rendered":"<p>Gouttes oculaires salines st\u00e9riles 20ml<\/p>\n","protected":false},"featured_media":90762,"comment_status":"closed","ping_status":"closed","template":"","meta":[],"product_brand":[],"product_cat":[1235,1297,1233,1216],"product_tag":[],"class_list":{"0":"post-71932","1":"product","2":"type-product","3":"status-publish","4":"has-post-thumbnail","6":"product_cat-divers-premiers-soins","7":"product_cat-non-palettisable","8":"product_cat-premiers-soins","9":"product_cat-usage-unique-et-entretien","10":"product_shipping_class-free-shipping","12":"first","13":"instock","14":"featured","15":"taxable","16":"shipping-taxable","17":"purchasable","18":"product-type-simple"},"_links":{"self":[{"href":"https:\/\/abinox-chr-clim.com\/index.php\/wp-json\/wp\/v2\/product\/71932","targetHints":{"allow":["GET"]}}],"collection":[{"href":"https:\/\/abinox-chr-clim.com\/index.php\/wp-json\/wp\/v2\/product"}],"about":[{"href":"https:\/\/abinox-chr-clim.com\/index.php\/wp-json\/wp\/v2\/types\/product"}],"replies":[{"embeddable":true,"href":"https:\/\/abinox-chr-clim.com\/index.php\/wp-json\/wp\/v2\/comments?post=71932"}],"wp:featuredmedia":[{"embeddable":true,"href":"https:\/\/abinox-chr-clim.com\/index.php\/wp-json\/wp\/v2\/media\/90762"}],"wp:attachment":[{"href":"https:\/\/abinox-chr-clim.com\/index.php\/wp-json\/wp\/v2\/media?parent=71932"}],"wp:term":[{"taxonomy":"product_brand","embeddable":true,"href":"https:\/\/abinox-chr-clim.com\/index.php\/wp-json\/wp\/v2\/product_brand?post=71932"},{"taxonomy":"product_cat","embeddable":true,"href":"https:\/\/abinox-chr-clim.com\/index.php\/wp-json\/wp\/v2\/product_cat?post=71932"},{"taxonomy":"product_tag","embeddable":true,"href":"https:\/\/abinox-chr-clim.com\/index.php\/wp-json\/wp\/v2\/product_tag?post=71932"}],"curies":[{"name":"wp","href":"https:\/\/api.w.org\/{rel}","templated":true}]}}