{"id":71930,"date":"2024-03-22T23:04:34","date_gmt":"2024-03-22T22:04:34","guid":{"rendered":"https:\/\/abinox-chr-clim.com\/index.php\/product\/couverture-de-survie-durgence\/"},"modified":"2026-04-11T09:11:33","modified_gmt":"2026-04-11T07:11:33","slug":"couverture-de-survie-durgence","status":"publish","type":"product","link":"https:\/\/abinox-chr-clim.com\/index.php\/product\/couverture-de-survie-durgence\/","title":{"rendered":"Couverture de survie d&rsquo;urgence"},"content":{"rendered":"<p>La couverture de survie d&rsquo;urgence conserve plus de 90 % de la chaleur produite par le corps. Peut \u00eatre utilis\u00e9e dans toutes les conditions climatiques. Conforme aux devoirs de diligence implicite HSE pour prot\u00e9ger les personnes dont vous \u00eates responsable.<\/p>\n<p>Caract\u00e9ristiques :<br \/> Dimensions : 210 cm(\u00d8) cm x 1.8(L) m.<\/p>\n","protected":false},"excerpt":{"rendered":"<p>Couverture de survie d&rsquo;urgence<\/p>\n","protected":false},"featured_media":97788,"comment_status":"closed","ping_status":"closed","template":"","meta":[],"product_brand":[],"product_cat":[1234,1297,1233,1216],"product_tag":[],"class_list":{"0":"post-71930","1":"product","2":"type-product","3":"status-publish","4":"has-post-thumbnail","6":"product_cat-bandages-et-pansements","7":"product_cat-non-palettisable","8":"product_cat-premiers-soins","9":"product_cat-usage-unique-et-entretien","10":"product_shipping_class-free-shipping","12":"first","13":"outofstock","14":"featured","15":"taxable","16":"shipping-taxable","17":"purchasable","18":"product-type-simple"},"_links":{"self":[{"href":"https:\/\/abinox-chr-clim.com\/index.php\/wp-json\/wp\/v2\/product\/71930","targetHints":{"allow":["GET"]}}],"collection":[{"href":"https:\/\/abinox-chr-clim.com\/index.php\/wp-json\/wp\/v2\/product"}],"about":[{"href":"https:\/\/abinox-chr-clim.com\/index.php\/wp-json\/wp\/v2\/types\/product"}],"replies":[{"embeddable":true,"href":"https:\/\/abinox-chr-clim.com\/index.php\/wp-json\/wp\/v2\/comments?post=71930"}],"wp:featuredmedia":[{"embeddable":true,"href":"https:\/\/abinox-chr-clim.com\/index.php\/wp-json\/wp\/v2\/media\/97788"}],"wp:attachment":[{"href":"https:\/\/abinox-chr-clim.com\/index.php\/wp-json\/wp\/v2\/media?parent=71930"}],"wp:term":[{"taxonomy":"product_brand","embeddable":true,"href":"https:\/\/abinox-chr-clim.com\/index.php\/wp-json\/wp\/v2\/product_brand?post=71930"},{"taxonomy":"product_cat","embeddable":true,"href":"https:\/\/abinox-chr-clim.com\/index.php\/wp-json\/wp\/v2\/product_cat?post=71930"},{"taxonomy":"product_tag","embeddable":true,"href":"https:\/\/abinox-chr-clim.com\/index.php\/wp-json\/wp\/v2\/product_tag?post=71930"}],"curies":[{"name":"wp","href":"https:\/\/api.w.org\/{rel}","templated":true}]}}