{"id":71929,"date":"2024-03-22T23:04:34","date_gmt":"2024-03-22T22:04:34","guid":{"rendered":"https:\/\/abinox-chr-clim.com\/index.php\/product\/pansements-sans-latex-assortis-aeroplast-lot-de-100\/"},"modified":"2026-04-11T08:32:39","modified_gmt":"2026-04-11T06:32:39","slug":"pansements-sans-latex-assortis-aeroplast-lot-de-100","status":"publish","type":"product","link":"https:\/\/abinox-chr-clim.com\/index.php\/product\/pansements-sans-latex-assortis-aeroplast-lot-de-100\/","title":{"rendered":"Pansements sans latex assortis Aeroplast (Lot de 100)"},"content":{"rendered":"<p>Formes et tailles assorties pour diverses coupures et \u00e9gratignures. Diff\u00e9rentes couleurs et mati\u00e8res disponibles. Bo\u00eetes de 100 pansements emball\u00e9s individuellement &#8211; 6 tailles par bo\u00eete.<br \/>5 pansements bout de doigt 75 x 45mm.10 pansements bandes 75 x 25mm.10 pansements carrr\u00e9s 38 x 38mm.10 pansements standard 72 x 19mm.5 pansements patch 75 x 50mm.5 pansements articulations 75 x 38mm. 5 pansements bout de doigt 75 x 45mm. .<br \/> Caract\u00e9ristiques :<br \/>Lot : 100.<br \/> Dimensions : 50(H) x 70(L) x 30(P) mm.<br \/> Mati\u00e8re : .<br \/> Couleur : Rose.<\/p>\n","protected":false},"excerpt":{"rendered":"<p>Pansements sans latex assortis Aeroplast (Lot de 100)<\/p>\n","protected":false},"featured_media":83394,"comment_status":"closed","ping_status":"closed","template":"","meta":[],"product_brand":[],"product_cat":[1234,1297,1233,1216],"product_tag":[],"class_list":{"0":"post-71929","1":"product","2":"type-product","3":"status-publish","4":"has-post-thumbnail","6":"product_cat-bandages-et-pansements","7":"product_cat-non-palettisable","8":"product_cat-premiers-soins","9":"product_cat-usage-unique-et-entretien","10":"product_shipping_class-free-shipping","12":"first","13":"outofstock","14":"featured","15":"taxable","16":"shipping-taxable","17":"purchasable","18":"product-type-simple"},"_links":{"self":[{"href":"https:\/\/abinox-chr-clim.com\/index.php\/wp-json\/wp\/v2\/product\/71929","targetHints":{"allow":["GET"]}}],"collection":[{"href":"https:\/\/abinox-chr-clim.com\/index.php\/wp-json\/wp\/v2\/product"}],"about":[{"href":"https:\/\/abinox-chr-clim.com\/index.php\/wp-json\/wp\/v2\/types\/product"}],"replies":[{"embeddable":true,"href":"https:\/\/abinox-chr-clim.com\/index.php\/wp-json\/wp\/v2\/comments?post=71929"}],"wp:featuredmedia":[{"embeddable":true,"href":"https:\/\/abinox-chr-clim.com\/index.php\/wp-json\/wp\/v2\/media\/83394"}],"wp:attachment":[{"href":"https:\/\/abinox-chr-clim.com\/index.php\/wp-json\/wp\/v2\/media?parent=71929"}],"wp:term":[{"taxonomy":"product_brand","embeddable":true,"href":"https:\/\/abinox-chr-clim.com\/index.php\/wp-json\/wp\/v2\/product_brand?post=71929"},{"taxonomy":"product_cat","embeddable":true,"href":"https:\/\/abinox-chr-clim.com\/index.php\/wp-json\/wp\/v2\/product_cat?post=71929"},{"taxonomy":"product_tag","embeddable":true,"href":"https:\/\/abinox-chr-clim.com\/index.php\/wp-json\/wp\/v2\/product_tag?post=71929"}],"curies":[{"name":"wp","href":"https:\/\/api.w.org\/{rel}","templated":true}]}}