{"id":71927,"date":"2024-03-22T23:04:33","date_gmt":"2024-03-22T22:04:33","guid":{"rendered":"https:\/\/abinox-chr-clim.com\/index.php\/product\/pansements-bout-des-doigts-bleus-standards-lot-de-50\/"},"modified":"2026-04-11T08:25:49","modified_gmt":"2026-04-11T06:25:49","slug":"pansements-bout-des-doigts-bleus-standards-lot-de-50","status":"publish","type":"product","link":"https:\/\/abinox-chr-clim.com\/index.php\/product\/pansements-bout-des-doigts-bleus-standards-lot-de-50\/","title":{"rendered":"Pansements bout des doigts bleus standards (Lot de 50)"},"content":{"rendered":"<p>Pansements r\u00e9sistants \u00e0 l&rsquo;eau et sans latex.<br \/>Pansements r\u00e9sistants \u00e0 l&rsquo;eau et sans latex. Pansements r\u00e9sistants \u00e0 l&rsquo;eau et sans latex. .<br \/> Caract\u00e9ristiques :<br \/>Lot : 50.<br \/> Dimensions : 40(L) x 40(L) mm.<br \/> Mati\u00e8re : .<br \/> Couleur : Bleu.<\/p>\n","protected":false},"excerpt":{"rendered":"<p>Pansements bout des doigts bleus standards (Lot de 50)<\/p>\n","protected":false},"featured_media":103273,"comment_status":"closed","ping_status":"closed","template":"","meta":[],"product_brand":[],"product_cat":[1234,1297,1233,1216],"product_tag":[],"class_list":{"0":"post-71927","1":"product","2":"type-product","3":"status-publish","4":"has-post-thumbnail","6":"product_cat-bandages-et-pansements","7":"product_cat-non-palettisable","8":"product_cat-premiers-soins","9":"product_cat-usage-unique-et-entretien","10":"product_shipping_class-free-shipping","12":"first","13":"outofstock","14":"featured","15":"taxable","16":"shipping-taxable","17":"purchasable","18":"product-type-simple"},"_links":{"self":[{"href":"https:\/\/abinox-chr-clim.com\/index.php\/wp-json\/wp\/v2\/product\/71927","targetHints":{"allow":["GET"]}}],"collection":[{"href":"https:\/\/abinox-chr-clim.com\/index.php\/wp-json\/wp\/v2\/product"}],"about":[{"href":"https:\/\/abinox-chr-clim.com\/index.php\/wp-json\/wp\/v2\/types\/product"}],"replies":[{"embeddable":true,"href":"https:\/\/abinox-chr-clim.com\/index.php\/wp-json\/wp\/v2\/comments?post=71927"}],"wp:featuredmedia":[{"embeddable":true,"href":"https:\/\/abinox-chr-clim.com\/index.php\/wp-json\/wp\/v2\/media\/103273"}],"wp:attachment":[{"href":"https:\/\/abinox-chr-clim.com\/index.php\/wp-json\/wp\/v2\/media?parent=71927"}],"wp:term":[{"taxonomy":"product_brand","embeddable":true,"href":"https:\/\/abinox-chr-clim.com\/index.php\/wp-json\/wp\/v2\/product_brand?post=71927"},{"taxonomy":"product_cat","embeddable":true,"href":"https:\/\/abinox-chr-clim.com\/index.php\/wp-json\/wp\/v2\/product_cat?post=71927"},{"taxonomy":"product_tag","embeddable":true,"href":"https:\/\/abinox-chr-clim.com\/index.php\/wp-json\/wp\/v2\/product_tag?post=71927"}],"curies":[{"name":"wp","href":"https:\/\/api.w.org\/{rel}","templated":true}]}}