{"id":71892,"date":"2024-03-22T23:04:19","date_gmt":"2024-03-22T22:04:19","guid":{"rendered":"https:\/\/abinox-chr-clim.com\/index.php\/product\/seau-essoreur-jantex-kentucky-jaune\/"},"modified":"2026-04-11T08:46:08","modified_gmt":"2026-04-11T06:46:08","slug":"seau-essoreur-jantex-kentucky-jaune","status":"publish","type":"product","link":"https:\/\/abinox-chr-clim.com\/index.php\/product\/seau-essoreur-jantex-kentucky-jaune\/","title":{"rendered":"Seau essoreur Jantex Kentucky jaune"},"content":{"rendered":"<p>Seau avec poign\u00e9e et roulettes solides, facilement man\u0153uvrable pour transporter l&rsquo;eau de nettoyage, en toute s\u00e9curit\u00e9, et \u00e9viter tout d\u00e9versement et contraintes superflues au niveau du dos. Les couleurs vives bien visibles et l&rsquo;avertissement de danger sur le c\u00f4t\u00e9 permettent d&rsquo;\u00e9viter toute blessure accidentelle. Essoreur l\u00e9ger avec un long manche faisant effet de levier pour une utilisation facile.<br \/>Le combo deux en un comprend tout ce dont vous avez besoin pour nettoyer efficacement vos sols. La finition jaune permet un nettoyage par code couleur pour emp\u00eacher la propagation de la contamination. L&rsquo;accessoire d&rsquo;essorage inclus vous permet d&rsquo;essorer facilement les serpilli\u00e8res. Le s\u00e9parateur amovible permet de s\u00e9parer l&rsquo;eau propre de l&rsquo;eau sale. La grille interne et le carter pi\u00e8gent la salet\u00e9 et r\u00e9duisent la contamination dans l&rsquo;eau. La grande capacit\u00e9 de 20 litres r\u00e9duit la fr\u00e9quence des remplissages. Des roulettes robustes permettent de d\u00e9placer facilement ce seau. La longue anse ergonomique offre un effet de levier suppl\u00e9mentaire pour un essorage plus efficace. La poign\u00e9e robuste permet de le soulever sans effort. L&rsquo;essoreuse peut \u00eatre simplement d\u00e9tach\u00e9e pour faciliter le soul\u00e8vement du seau. Le grand symbole d&rsquo;avertissement permet d&rsquo;\u00e9viter les accidents et les blessures. Un auto-assemblage de base est requis. Le combo deux en un comprend tout ce dont vous avez besoin pour nettoyer efficacement vos sols.<\/p>\n<p>Caract\u00e9ristiques :<br \/> Capacit\u00e9 : 20L.<br \/> Dimensions : 480(H)x 350(L)x 280(P)mm.<br \/> Mati\u00e8re : .<br \/> Couleur : Jaune.<\/p>\n","protected":false},"excerpt":{"rendered":"<p>Seau essoreur Jantex Kentucky jaune<\/p>\n","protected":false},"featured_media":95301,"comment_status":"closed","ping_status":"closed","template":"","meta":[],"product_brand":[],"product_cat":[1227,1297,1232,1216],"product_tag":[],"class_list":{"0":"post-71892","1":"product","2":"type-product","3":"status-publish","4":"has-post-thumbnail","6":"product_cat-nettoyage","7":"product_cat-non-palettisable","8":"product_cat-seaux-de-lavage-et-balais-brosse","9":"product_cat-usage-unique-et-entretien","10":"product_shipping_class-free-shipping","12":"first","13":"instock","14":"featured","15":"taxable","16":"shipping-taxable","17":"purchasable","18":"product-type-simple"},"_links":{"self":[{"href":"https:\/\/abinox-chr-clim.com\/index.php\/wp-json\/wp\/v2\/product\/71892","targetHints":{"allow":["GET"]}}],"collection":[{"href":"https:\/\/abinox-chr-clim.com\/index.php\/wp-json\/wp\/v2\/product"}],"about":[{"href":"https:\/\/abinox-chr-clim.com\/index.php\/wp-json\/wp\/v2\/types\/product"}],"replies":[{"embeddable":true,"href":"https:\/\/abinox-chr-clim.com\/index.php\/wp-json\/wp\/v2\/comments?post=71892"}],"wp:featuredmedia":[{"embeddable":true,"href":"https:\/\/abinox-chr-clim.com\/index.php\/wp-json\/wp\/v2\/media\/95301"}],"wp:attachment":[{"href":"https:\/\/abinox-chr-clim.com\/index.php\/wp-json\/wp\/v2\/media?parent=71892"}],"wp:term":[{"taxonomy":"product_brand","embeddable":true,"href":"https:\/\/abinox-chr-clim.com\/index.php\/wp-json\/wp\/v2\/product_brand?post=71892"},{"taxonomy":"product_cat","embeddable":true,"href":"https:\/\/abinox-chr-clim.com\/index.php\/wp-json\/wp\/v2\/product_cat?post=71892"},{"taxonomy":"product_tag","embeddable":true,"href":"https:\/\/abinox-chr-clim.com\/index.php\/wp-json\/wp\/v2\/product_tag?post=71892"}],"curies":[{"name":"wp","href":"https:\/\/api.w.org\/{rel}","templated":true}]}}