{"id":71891,"date":"2024-03-22T23:04:18","date_gmt":"2024-03-22T22:04:18","guid":{"rendered":"https:\/\/abinox-chr-clim.com\/index.php\/product\/tete-de-balai-serpilliere-syr-syntex-kentucky-bleue\/"},"modified":"2026-04-11T08:46:08","modified_gmt":"2026-04-11T06:46:08","slug":"tete-de-balai-serpilliere-syr-syntex-kentucky-bleue","status":"publish","type":"product","link":"https:\/\/abinox-chr-clim.com\/index.php\/product\/tete-de-balai-serpilliere-syr-syntex-kentucky-bleue\/","title":{"rendered":"T\u00eate de balai serpilli\u00e8re SYR Syntex Kentucky bleue"},"content":{"rendered":"<p>T\u00eate de balai pr\u00e9-r\u00e9tr\u00e9cie avec fibre imputrescible longue dur\u00e9e et grattoir int\u00e9gr\u00e9. Ouverture maximale 735 mm. Longueur\u00a0: 355 mm. Largeur : 480 mm.<br \/>T\u00eate de balai \u00e0 franges style Kentucky traditionnel en Syntex pr\u00e9-r\u00e9tr\u00e9ci. Tourner pour ouvrir. Fibre longue dur\u00e9e pour une \u00e9limination rapide de la salet\u00e9 et de l&rsquo;eau. Absorbe la graisse et l&rsquo;huile, donc id\u00e9al pour les cuisines et les zones alimentaires. R\u00e9cureur int\u00e9gr\u00e9 sous la t\u00eate de balai pour \u00e9liminer les marques tenaces. Fil Syntex color\u00e9 avec douille \u00e0 code couleur. \u00c0 utiliser avec le manche \u00e0 code couleur interchangeable L348.T\u00eate de balai \u00e0 franges style Kentucky traditionnel en Syntex pr\u00e9-r\u00e9tr\u00e9ci.<\/p>\n<p>Caract\u00e9ristiques :<br \/> Dimensions : 483(L) x 737(L) mm.<br \/> Mati\u00e8re : .<br \/> Couleur : Bleu.<\/p>\n","protected":false},"excerpt":{"rendered":"<p>T\u00eate de balai serpilli\u00e8re SYR Syntex Kentucky bleue<\/p>\n","protected":false},"featured_media":95310,"comment_status":"closed","ping_status":"closed","template":"","meta":[],"product_brand":[],"product_cat":[1227,1297,1232,1216],"product_tag":[],"class_list":{"0":"post-71891","1":"product","2":"type-product","3":"status-publish","4":"has-post-thumbnail","6":"product_cat-nettoyage","7":"product_cat-non-palettisable","8":"product_cat-seaux-de-lavage-et-balais-brosse","9":"product_cat-usage-unique-et-entretien","10":"product_shipping_class-free-shipping","12":"first","13":"instock","14":"featured","15":"taxable","16":"shipping-taxable","17":"purchasable","18":"product-type-simple"},"_links":{"self":[{"href":"https:\/\/abinox-chr-clim.com\/index.php\/wp-json\/wp\/v2\/product\/71891","targetHints":{"allow":["GET"]}}],"collection":[{"href":"https:\/\/abinox-chr-clim.com\/index.php\/wp-json\/wp\/v2\/product"}],"about":[{"href":"https:\/\/abinox-chr-clim.com\/index.php\/wp-json\/wp\/v2\/types\/product"}],"replies":[{"embeddable":true,"href":"https:\/\/abinox-chr-clim.com\/index.php\/wp-json\/wp\/v2\/comments?post=71891"}],"wp:featuredmedia":[{"embeddable":true,"href":"https:\/\/abinox-chr-clim.com\/index.php\/wp-json\/wp\/v2\/media\/95310"}],"wp:attachment":[{"href":"https:\/\/abinox-chr-clim.com\/index.php\/wp-json\/wp\/v2\/media?parent=71891"}],"wp:term":[{"taxonomy":"product_brand","embeddable":true,"href":"https:\/\/abinox-chr-clim.com\/index.php\/wp-json\/wp\/v2\/product_brand?post=71891"},{"taxonomy":"product_cat","embeddable":true,"href":"https:\/\/abinox-chr-clim.com\/index.php\/wp-json\/wp\/v2\/product_cat?post=71891"},{"taxonomy":"product_tag","embeddable":true,"href":"https:\/\/abinox-chr-clim.com\/index.php\/wp-json\/wp\/v2\/product_tag?post=71891"}],"curies":[{"name":"wp","href":"https:\/\/api.w.org\/{rel}","templated":true}]}}