{"id":71888,"date":"2024-03-22T23:04:17","date_gmt":"2024-03-22T22:04:17","guid":{"rendered":"https:\/\/abinox-chr-clim.com\/index.php\/product\/support-mop-pour-balai-mecanique-jantex-600mm\/"},"modified":"2026-04-11T08:41:11","modified_gmt":"2026-04-11T06:41:11","slug":"support-mop-pour-balai-mecanique-jantex-600mm","status":"publish","type":"product","link":"https:\/\/abinox-chr-clim.com\/index.php\/product\/support-mop-pour-balai-mecanique-jantex-600mm\/","title":{"rendered":"Support mop pour balai m\u00e9canique Jantex 600mm"},"content":{"rendered":"<p>Un syst\u00e8me interchangeable de produits de nettoyage et entretien des sols,  s&rsquo;adaptant sur un m\u00eame manche. Pour un balayage rapide et hygi\u00e9nique des grandes surfaces.<br \/>S&rsquo;utilise avec le mop \u00e0 poche (DN836) et le manche Clipex (DN819).Largeur 600mm. Franges et manches interchangeables (vendus s\u00e9par\u00e9ment). S&rsquo;utilise avec le mop \u00e0 poche (DN836) et le manche Clipex (DN819). .<br \/> Caract\u00e9ristiques :<br \/> Dimensions : 600(L) mm.<br \/> Mati\u00e8re : .<br \/> Couleur : Bleu.<\/p>\n","protected":false},"excerpt":{"rendered":"<p>Support mop pour balai m\u00e9canique Jantex 600mm<\/p>\n","protected":false},"featured_media":92083,"comment_status":"closed","ping_status":"closed","template":"","meta":[],"product_brand":[],"product_cat":[1227,1297,1232,1216],"product_tag":[],"class_list":{"0":"post-71888","1":"product","2":"type-product","3":"status-publish","4":"has-post-thumbnail","6":"product_cat-nettoyage","7":"product_cat-non-palettisable","8":"product_cat-seaux-de-lavage-et-balais-brosse","9":"product_cat-usage-unique-et-entretien","10":"product_shipping_class-free-shipping","12":"first","13":"outofstock","14":"featured","15":"taxable","16":"shipping-taxable","17":"purchasable","18":"product-type-simple"},"_links":{"self":[{"href":"https:\/\/abinox-chr-clim.com\/index.php\/wp-json\/wp\/v2\/product\/71888","targetHints":{"allow":["GET"]}}],"collection":[{"href":"https:\/\/abinox-chr-clim.com\/index.php\/wp-json\/wp\/v2\/product"}],"about":[{"href":"https:\/\/abinox-chr-clim.com\/index.php\/wp-json\/wp\/v2\/types\/product"}],"replies":[{"embeddable":true,"href":"https:\/\/abinox-chr-clim.com\/index.php\/wp-json\/wp\/v2\/comments?post=71888"}],"wp:featuredmedia":[{"embeddable":true,"href":"https:\/\/abinox-chr-clim.com\/index.php\/wp-json\/wp\/v2\/media\/92083"}],"wp:attachment":[{"href":"https:\/\/abinox-chr-clim.com\/index.php\/wp-json\/wp\/v2\/media?parent=71888"}],"wp:term":[{"taxonomy":"product_brand","embeddable":true,"href":"https:\/\/abinox-chr-clim.com\/index.php\/wp-json\/wp\/v2\/product_brand?post=71888"},{"taxonomy":"product_cat","embeddable":true,"href":"https:\/\/abinox-chr-clim.com\/index.php\/wp-json\/wp\/v2\/product_cat?post=71888"},{"taxonomy":"product_tag","embeddable":true,"href":"https:\/\/abinox-chr-clim.com\/index.php\/wp-json\/wp\/v2\/product_tag?post=71888"}],"curies":[{"name":"wp","href":"https:\/\/api.w.org\/{rel}","templated":true}]}}