{"id":71874,"date":"2024-03-22T23:04:13","date_gmt":"2024-03-22T22:04:13","guid":{"rendered":"https:\/\/abinox-chr-clim.com\/index.php\/product\/seau-essoreur-jantex-kentucky-rouge-20l\/"},"modified":"2026-04-11T08:38:06","modified_gmt":"2026-04-11T06:38:06","slug":"seau-essoreur-jantex-kentucky-rouge-20l","status":"publish","type":"product","link":"https:\/\/abinox-chr-clim.com\/index.php\/product\/seau-essoreur-jantex-kentucky-rouge-20l\/","title":{"rendered":"Seau essoreur Jantex Kentucky rouge 20L"},"content":{"rendered":"<p>Seau avec poign\u00e9e et roulettes solides, facilement man\u0153uvrable pour transporter l&rsquo;eau de nettoyage, en toute s\u00e9curit\u00e9, et \u00e9viter tout d\u00e9versement et contraintes superflues au niveau du dos. Les couleurs vives bien visibles et l&rsquo;avertissement de danger sur le c\u00f4t\u00e9 permettent d&rsquo;\u00e9viter toute blessure accidentelle. Essoreur l\u00e9ger avec un long manche faisant effet de levier pour une utilisation facile.<br \/>Le bac \u00e0 salet\u00e9 et la grille emp\u00eachent les d\u00e9bris de quitter le seau. La capacit\u00e9 de 20 litres est id\u00e9ale pour les gros travaux de nettoyage. Un peu d&rsquo;auto-assemblage est n\u00e9cessaire. L&rsquo;essoreuse \u00e0 engrenage \u00e9limine les liquides, pr\u00eats \u00e0 \u00eatre essuy\u00e9s. Les roulettes robustes permettent un transport facile. Couleur rouge pour une utilisation dans les toilettes et les salles d&rsquo;eau.  Le bac \u00e0 salet\u00e9 et la grille emp\u00eachent les d\u00e9bris de quitter le seau.<\/p>\n<p>Caract\u00e9ristiques :<br \/> Capacit\u00e9 : 20L.<br \/> Dimensions : 480(H)x 350(L)x 280(P)mm.<br \/> Mati\u00e8re : .<br \/> Couleur : Rouge.<\/p>\n","protected":false},"excerpt":{"rendered":"<p>Seau essoreur Jantex Kentucky rouge 20L<\/p>\n","protected":false},"featured_media":89132,"comment_status":"closed","ping_status":"closed","template":"","meta":[],"product_brand":[],"product_cat":[1227,1297,1232,1216],"product_tag":[],"class_list":{"0":"post-71874","1":"product","2":"type-product","3":"status-publish","4":"has-post-thumbnail","6":"product_cat-nettoyage","7":"product_cat-non-palettisable","8":"product_cat-seaux-de-lavage-et-balais-brosse","9":"product_cat-usage-unique-et-entretien","10":"product_shipping_class-free-shipping","12":"first","13":"instock","14":"featured","15":"taxable","16":"shipping-taxable","17":"purchasable","18":"product-type-simple"},"_links":{"self":[{"href":"https:\/\/abinox-chr-clim.com\/index.php\/wp-json\/wp\/v2\/product\/71874","targetHints":{"allow":["GET"]}}],"collection":[{"href":"https:\/\/abinox-chr-clim.com\/index.php\/wp-json\/wp\/v2\/product"}],"about":[{"href":"https:\/\/abinox-chr-clim.com\/index.php\/wp-json\/wp\/v2\/types\/product"}],"replies":[{"embeddable":true,"href":"https:\/\/abinox-chr-clim.com\/index.php\/wp-json\/wp\/v2\/comments?post=71874"}],"wp:featuredmedia":[{"embeddable":true,"href":"https:\/\/abinox-chr-clim.com\/index.php\/wp-json\/wp\/v2\/media\/89132"}],"wp:attachment":[{"href":"https:\/\/abinox-chr-clim.com\/index.php\/wp-json\/wp\/v2\/media?parent=71874"}],"wp:term":[{"taxonomy":"product_brand","embeddable":true,"href":"https:\/\/abinox-chr-clim.com\/index.php\/wp-json\/wp\/v2\/product_brand?post=71874"},{"taxonomy":"product_cat","embeddable":true,"href":"https:\/\/abinox-chr-clim.com\/index.php\/wp-json\/wp\/v2\/product_cat?post=71874"},{"taxonomy":"product_tag","embeddable":true,"href":"https:\/\/abinox-chr-clim.com\/index.php\/wp-json\/wp\/v2\/product_tag?post=71874"}],"curies":[{"name":"wp","href":"https:\/\/api.w.org\/{rel}","templated":true}]}}