{"id":71873,"date":"2024-03-22T23:04:12","date_gmt":"2024-03-22T22:04:12","guid":{"rendered":"https:\/\/abinox-chr-clim.com\/index.php\/product\/raclette-galvanisee-jantex-762mm\/"},"modified":"2026-04-11T09:24:39","modified_gmt":"2026-04-11T07:24:39","slug":"raclette-galvanisee-jantex-762mm","status":"publish","type":"product","link":"https:\/\/abinox-chr-clim.com\/index.php\/product\/raclette-galvanisee-jantex-762mm\/","title":{"rendered":"Raclette galvanis\u00e9e Jantex 762mm"},"content":{"rendered":"<p>Convient pour le carrelage et le verre. Compatible avec le manche L479 (vendu s\u00e9par\u00e9ment). Lame \u00e9ponge en mousse noire. Convient pour le carrelage et le verre.<\/p>\n<p>Caract\u00e9ristiques :<br \/> Dimensions : 762(L) mm.<br \/> Mati\u00e8re : M\u00e9tal et mousse<\/p>\n","protected":false},"excerpt":{"rendered":"<p>Raclette galvanis\u00e9e Jantex 762mm<\/p>\n","protected":false},"featured_media":82665,"comment_status":"closed","ping_status":"closed","template":"","meta":[],"product_brand":[],"product_cat":[1227,1297,1232,1216],"product_tag":[],"class_list":{"0":"post-71873","1":"product","2":"type-product","3":"status-publish","4":"has-post-thumbnail","6":"product_cat-nettoyage","7":"product_cat-non-palettisable","8":"product_cat-seaux-de-lavage-et-balais-brosse","9":"product_cat-usage-unique-et-entretien","10":"product_shipping_class-free-shipping","12":"first","13":"instock","14":"featured","15":"taxable","16":"shipping-taxable","17":"purchasable","18":"product-type-simple"},"_links":{"self":[{"href":"https:\/\/abinox-chr-clim.com\/index.php\/wp-json\/wp\/v2\/product\/71873","targetHints":{"allow":["GET"]}}],"collection":[{"href":"https:\/\/abinox-chr-clim.com\/index.php\/wp-json\/wp\/v2\/product"}],"about":[{"href":"https:\/\/abinox-chr-clim.com\/index.php\/wp-json\/wp\/v2\/types\/product"}],"replies":[{"embeddable":true,"href":"https:\/\/abinox-chr-clim.com\/index.php\/wp-json\/wp\/v2\/comments?post=71873"}],"wp:featuredmedia":[{"embeddable":true,"href":"https:\/\/abinox-chr-clim.com\/index.php\/wp-json\/wp\/v2\/media\/82665"}],"wp:attachment":[{"href":"https:\/\/abinox-chr-clim.com\/index.php\/wp-json\/wp\/v2\/media?parent=71873"}],"wp:term":[{"taxonomy":"product_brand","embeddable":true,"href":"https:\/\/abinox-chr-clim.com\/index.php\/wp-json\/wp\/v2\/product_brand?post=71873"},{"taxonomy":"product_cat","embeddable":true,"href":"https:\/\/abinox-chr-clim.com\/index.php\/wp-json\/wp\/v2\/product_cat?post=71873"},{"taxonomy":"product_tag","embeddable":true,"href":"https:\/\/abinox-chr-clim.com\/index.php\/wp-json\/wp\/v2\/product_tag?post=71873"}],"curies":[{"name":"wp","href":"https:\/\/api.w.org\/{rel}","templated":true}]}}