{"id":71867,"date":"2024-03-22T23:04:08","date_gmt":"2024-03-22T22:04:08","guid":{"rendered":"https:\/\/abinox-chr-clim.com\/index.php\/product\/seau-rond-en-plastique-jantex-10l-bleu\/"},"modified":"2026-04-11T08:29:46","modified_gmt":"2026-04-11T06:29:46","slug":"seau-rond-en-plastique-jantex-10l-bleu","status":"publish","type":"product","link":"https:\/\/abinox-chr-clim.com\/index.php\/product\/seau-rond-en-plastique-jantex-10l-bleu\/","title":{"rendered":"Seau rond en plastique Jantex 10L bleu"},"content":{"rendered":"<p>Seaux en plastique de 10 litres, bonne prise en main. Code couleur pour une utilisation dans les zones sp\u00e9cifiques.<br \/>Code couleur pour le respect des normes d&rsquo;hygi\u00e8ne. Poign\u00e9e prise facile. Adapt\u00e9 aux cuisines. Code couleur pour le respect des normes d&rsquo;hygi\u00e8ne.<\/p>\n<p>Caract\u00e9ristiques :<br \/> Capacit\u00e9 : 10L.<br \/> Dimensions : 260(H) x 280(L) x 295(P)mm.<br \/> Mati\u00e8re : Plastique.<br \/> Couleur : Bleu.<\/p>\n","protected":false},"excerpt":{"rendered":"<p>Seau rond en plastique Jantex 10L bleu<\/p>\n","protected":false},"featured_media":81724,"comment_status":"closed","ping_status":"closed","template":"","meta":[],"product_brand":[],"product_cat":[1227,1297,1232,1216],"product_tag":[],"class_list":{"0":"post-71867","1":"product","2":"type-product","3":"status-publish","4":"has-post-thumbnail","6":"product_cat-nettoyage","7":"product_cat-non-palettisable","8":"product_cat-seaux-de-lavage-et-balais-brosse","9":"product_cat-usage-unique-et-entretien","10":"product_shipping_class-free-shipping","12":"first","13":"outofstock","14":"featured","15":"taxable","16":"shipping-taxable","17":"purchasable","18":"product-type-simple"},"_links":{"self":[{"href":"https:\/\/abinox-chr-clim.com\/index.php\/wp-json\/wp\/v2\/product\/71867","targetHints":{"allow":["GET"]}}],"collection":[{"href":"https:\/\/abinox-chr-clim.com\/index.php\/wp-json\/wp\/v2\/product"}],"about":[{"href":"https:\/\/abinox-chr-clim.com\/index.php\/wp-json\/wp\/v2\/types\/product"}],"replies":[{"embeddable":true,"href":"https:\/\/abinox-chr-clim.com\/index.php\/wp-json\/wp\/v2\/comments?post=71867"}],"wp:featuredmedia":[{"embeddable":true,"href":"https:\/\/abinox-chr-clim.com\/index.php\/wp-json\/wp\/v2\/media\/81724"}],"wp:attachment":[{"href":"https:\/\/abinox-chr-clim.com\/index.php\/wp-json\/wp\/v2\/media?parent=71867"}],"wp:term":[{"taxonomy":"product_brand","embeddable":true,"href":"https:\/\/abinox-chr-clim.com\/index.php\/wp-json\/wp\/v2\/product_brand?post=71867"},{"taxonomy":"product_cat","embeddable":true,"href":"https:\/\/abinox-chr-clim.com\/index.php\/wp-json\/wp\/v2\/product_cat?post=71867"},{"taxonomy":"product_tag","embeddable":true,"href":"https:\/\/abinox-chr-clim.com\/index.php\/wp-json\/wp\/v2\/product_tag?post=71867"}],"curies":[{"name":"wp","href":"https:\/\/api.w.org\/{rel}","templated":true}]}}