{"id":71865,"date":"2024-03-22T23:04:07","date_gmt":"2024-03-22T22:04:07","guid":{"rendered":"https:\/\/abinox-chr-clim.com\/index.php\/product\/tete-de-balai-a-franges-syr\/"},"modified":"2026-04-11T08:29:44","modified_gmt":"2026-04-11T06:29:44","slug":"tete-de-balai-a-franges-syr","status":"publish","type":"product","link":"https:\/\/abinox-chr-clim.com\/index.php\/product\/tete-de-balai-a-franges-syr\/","title":{"rendered":"T\u00eate de balai \u00e0 franges SYR"},"content":{"rendered":"<p>T\u00eate de balai \u00e0 franges en fils de coton avec syst\u00e8me d&rsquo;\u00e9tiquettes \u00e0 code couleur. Peut \u00eatre utilis\u00e9e avec des manches interchangeables pour respecter les normes d&rsquo;hygi\u00e8ne.<br \/>Syst\u00e8me d&rsquo;\u00e9tiquettes \u00e0 code couleur, retirez tout sauf la couleur requise. Convient pour une utilisation avec des manches interchangeables. Conforme normes HACCP. Syst\u00e8me d&rsquo;\u00e9tiquettes \u00e0 code couleur, retirez tout sauf la couleur requise.<\/p>\n<p>Caract\u00e9ristiques :<br \/> Mati\u00e8re : Coton.<br \/> Couleur : Blanc.<\/p>\n","protected":false},"excerpt":{"rendered":"<p>T\u00eate de balai \u00e0 franges SYR<\/p>\n","protected":false},"featured_media":81737,"comment_status":"closed","ping_status":"closed","template":"","meta":[],"product_brand":[],"product_cat":[1227,1297,1232,1216],"product_tag":[],"class_list":{"0":"post-71865","1":"product","2":"type-product","3":"status-publish","4":"has-post-thumbnail","6":"product_cat-nettoyage","7":"product_cat-non-palettisable","8":"product_cat-seaux-de-lavage-et-balais-brosse","9":"product_cat-usage-unique-et-entretien","10":"product_shipping_class-free-shipping","12":"first","13":"instock","14":"featured","15":"taxable","16":"shipping-taxable","17":"purchasable","18":"product-type-simple"},"_links":{"self":[{"href":"https:\/\/abinox-chr-clim.com\/index.php\/wp-json\/wp\/v2\/product\/71865","targetHints":{"allow":["GET"]}}],"collection":[{"href":"https:\/\/abinox-chr-clim.com\/index.php\/wp-json\/wp\/v2\/product"}],"about":[{"href":"https:\/\/abinox-chr-clim.com\/index.php\/wp-json\/wp\/v2\/types\/product"}],"replies":[{"embeddable":true,"href":"https:\/\/abinox-chr-clim.com\/index.php\/wp-json\/wp\/v2\/comments?post=71865"}],"wp:featuredmedia":[{"embeddable":true,"href":"https:\/\/abinox-chr-clim.com\/index.php\/wp-json\/wp\/v2\/media\/81737"}],"wp:attachment":[{"href":"https:\/\/abinox-chr-clim.com\/index.php\/wp-json\/wp\/v2\/media?parent=71865"}],"wp:term":[{"taxonomy":"product_brand","embeddable":true,"href":"https:\/\/abinox-chr-clim.com\/index.php\/wp-json\/wp\/v2\/product_brand?post=71865"},{"taxonomy":"product_cat","embeddable":true,"href":"https:\/\/abinox-chr-clim.com\/index.php\/wp-json\/wp\/v2\/product_cat?post=71865"},{"taxonomy":"product_tag","embeddable":true,"href":"https:\/\/abinox-chr-clim.com\/index.php\/wp-json\/wp\/v2\/product_tag?post=71865"}],"curies":[{"name":"wp","href":"https:\/\/api.w.org\/{rel}","templated":true}]}}