{"id":71861,"date":"2024-03-22T23:04:06","date_gmt":"2024-03-22T22:04:06","guid":{"rendered":"https:\/\/abinox-chr-clim.com\/index.php\/product\/offre-speciale-ensemble-de-nettoyage\/"},"modified":"2026-04-11T09:26:45","modified_gmt":"2026-04-11T07:26:45","slug":"offre-speciale-ensemble-de-nettoyage","status":"publish","type":"product","link":"https:\/\/abinox-chr-clim.com\/index.php\/product\/offre-speciale-ensemble-de-nettoyage\/","title":{"rendered":"Offre sp\u00e9ciale ensemble de nettoyage"},"content":{"rendered":"<p>Nettoyez les sols efficacement et en toute s\u00e9curit\u00e9 avec cet ensemble seau essoreur, t\u00eate de balai et panneau de s\u00e9curit\u00e9. Capacit\u00e9 du seau 20L.<br \/>Seau de lavage de 20 litres avec quatre roulettes pour un transport facile.La t\u00eate de lavage en coton absorbe facilement la salet\u00e9 et la crasse. Kit tout-en-un pour un nettoyage professionnel des sols. Le kit contient 1 x F951, 1 x L416, 1 x DN828 &#038; 1 x DN819. L&rsquo;essoreuse l\u00e9g\u00e8re \u00e0 engrenage permet d&rsquo;essorer rapidement et facilement la serpilli\u00e8re. Panneau autonome et durable pour sols mouill\u00e9s afin de sensibiliser les clients et le personnel aux risques potentiels. Le manche Clipex \u00e0 code couleur peut \u00eatre utilis\u00e9 dans le cadre de votre syst\u00e8me de nettoyage \u00e0 code couleur. Seau de lavage de 20 litres avec quatre roulettes pour un transport facile.<\/p>\n","protected":false},"excerpt":{"rendered":"<p>Offre sp\u00e9ciale ensemble de nettoyage<\/p>\n","protected":false},"featured_media":99831,"comment_status":"closed","ping_status":"closed","template":"","meta":[],"product_brand":[],"product_cat":[1231,1227,1297,1216],"product_tag":[],"class_list":{"0":"post-71861","1":"product","2":"type-product","3":"status-publish","4":"has-post-thumbnail","6":"product_cat-divers-nettoyage","7":"product_cat-nettoyage","8":"product_cat-non-palettisable","9":"product_cat-usage-unique-et-entretien","10":"product_shipping_class-free-shipping","12":"first","13":"instock","14":"featured","15":"taxable","16":"shipping-taxable","17":"purchasable","18":"product-type-simple"},"_links":{"self":[{"href":"https:\/\/abinox-chr-clim.com\/index.php\/wp-json\/wp\/v2\/product\/71861","targetHints":{"allow":["GET"]}}],"collection":[{"href":"https:\/\/abinox-chr-clim.com\/index.php\/wp-json\/wp\/v2\/product"}],"about":[{"href":"https:\/\/abinox-chr-clim.com\/index.php\/wp-json\/wp\/v2\/types\/product"}],"replies":[{"embeddable":true,"href":"https:\/\/abinox-chr-clim.com\/index.php\/wp-json\/wp\/v2\/comments?post=71861"}],"wp:featuredmedia":[{"embeddable":true,"href":"https:\/\/abinox-chr-clim.com\/index.php\/wp-json\/wp\/v2\/media\/99831"}],"wp:attachment":[{"href":"https:\/\/abinox-chr-clim.com\/index.php\/wp-json\/wp\/v2\/media?parent=71861"}],"wp:term":[{"taxonomy":"product_brand","embeddable":true,"href":"https:\/\/abinox-chr-clim.com\/index.php\/wp-json\/wp\/v2\/product_brand?post=71861"},{"taxonomy":"product_cat","embeddable":true,"href":"https:\/\/abinox-chr-clim.com\/index.php\/wp-json\/wp\/v2\/product_cat?post=71861"},{"taxonomy":"product_tag","embeddable":true,"href":"https:\/\/abinox-chr-clim.com\/index.php\/wp-json\/wp\/v2\/product_tag?post=71861"}],"curies":[{"name":"wp","href":"https:\/\/api.w.org\/{rel}","templated":true}]}}