{"id":71860,"date":"2024-03-22T23:04:06","date_gmt":"2024-03-22T22:04:06","guid":{"rendered":"https:\/\/abinox-chr-clim.com\/index.php\/product\/compartiment-verrouillable-rubbermaid-pour-chariot-l658\/"},"modified":"2026-04-11T09:03:41","modified_gmt":"2026-04-11T07:03:41","slug":"compartiment-verrouillable-rubbermaid-pour-chariot-l658","status":"publish","type":"product","link":"https:\/\/abinox-chr-clim.com\/index.php\/product\/compartiment-verrouillable-rubbermaid-pour-chariot-l658\/","title":{"rendered":"Compartiment verrouillable Rubbermaid pour chariot L658"},"content":{"rendered":"<p>Chariot \u00e0 paroi lisse pour un nettoyage facile et une apparence professionnelle. Le sac en vinyle se d\u00e9tache gr\u00e2ce \u00e0 la fermeture \u00e9clair pour un retrait facile des sacs poubelle. Compartiment verrouillable pour les objets de valeur, facile \u00e0 installer en option (vendu s\u00e9par\u00e9ment).<br \/>Verrouillable. Construction solide. Cache les produits chimiques pour la s\u00e9curit\u00e9. Verrouillable.<\/p>\n<p>Caract\u00e9ristiques :<br \/> Mati\u00e8re : .<br \/> Couleur : Noir et jaune.<\/p>\n","protected":false},"excerpt":{"rendered":"<p>Compartiment verrouillable Rubbermaid pour chariot L658<\/p>\n","protected":false},"featured_media":104772,"comment_status":"closed","ping_status":"closed","template":"","meta":[],"product_brand":[],"product_cat":[1231,1227,1297,1216],"product_tag":[],"class_list":{"0":"post-71860","1":"product","2":"type-product","3":"status-publish","4":"has-post-thumbnail","6":"product_cat-divers-nettoyage","7":"product_cat-nettoyage","8":"product_cat-non-palettisable","9":"product_cat-usage-unique-et-entretien","10":"product_shipping_class-free-shipping","12":"first","13":"instock","14":"featured","15":"taxable","16":"shipping-taxable","17":"purchasable","18":"product-type-simple"},"_links":{"self":[{"href":"https:\/\/abinox-chr-clim.com\/index.php\/wp-json\/wp\/v2\/product\/71860","targetHints":{"allow":["GET"]}}],"collection":[{"href":"https:\/\/abinox-chr-clim.com\/index.php\/wp-json\/wp\/v2\/product"}],"about":[{"href":"https:\/\/abinox-chr-clim.com\/index.php\/wp-json\/wp\/v2\/types\/product"}],"replies":[{"embeddable":true,"href":"https:\/\/abinox-chr-clim.com\/index.php\/wp-json\/wp\/v2\/comments?post=71860"}],"wp:featuredmedia":[{"embeddable":true,"href":"https:\/\/abinox-chr-clim.com\/index.php\/wp-json\/wp\/v2\/media\/104772"}],"wp:attachment":[{"href":"https:\/\/abinox-chr-clim.com\/index.php\/wp-json\/wp\/v2\/media?parent=71860"}],"wp:term":[{"taxonomy":"product_brand","embeddable":true,"href":"https:\/\/abinox-chr-clim.com\/index.php\/wp-json\/wp\/v2\/product_brand?post=71860"},{"taxonomy":"product_cat","embeddable":true,"href":"https:\/\/abinox-chr-clim.com\/index.php\/wp-json\/wp\/v2\/product_cat?post=71860"},{"taxonomy":"product_tag","embeddable":true,"href":"https:\/\/abinox-chr-clim.com\/index.php\/wp-json\/wp\/v2\/product_tag?post=71860"}],"curies":[{"name":"wp","href":"https:\/\/api.w.org\/{rel}","templated":true}]}}