{"id":71857,"date":"2024-03-22T23:04:04","date_gmt":"2024-03-22T22:04:04","guid":{"rendered":"https:\/\/abinox-chr-clim.com\/index.php\/product\/sac-pour-chariot-a-linge-jantex\/"},"modified":"2026-04-11T09:02:31","modified_gmt":"2026-04-11T07:02:31","slug":"sac-pour-chariot-a-linge-jantex","status":"publish","type":"product","link":"https:\/\/abinox-chr-clim.com\/index.php\/product\/sac-pour-chariot-a-linge-jantex\/","title":{"rendered":"Sac pour chariot \u00e0 linge Jantex"},"content":{"rendered":"<p>Capacit\u00e9 220 litres. Chariot non inclus. Capacit\u00e9 220 litres.<\/p>\n<p>Caract\u00e9ristiques :<br \/> Capacit\u00e9 : 220 L.<br \/> Dimensions : 830(H) x 530(L) x 530(P) mm.<\/p>\n","protected":false},"excerpt":{"rendered":"<p>Sac pour chariot \u00e0 linge Jantex<\/p>\n","protected":false},"featured_media":104752,"comment_status":"closed","ping_status":"closed","template":"","meta":[],"product_brand":[],"product_cat":[1231,1227,1297,1216],"product_tag":[],"class_list":{"0":"post-71857","1":"product","2":"type-product","3":"status-publish","4":"has-post-thumbnail","6":"product_cat-divers-nettoyage","7":"product_cat-nettoyage","8":"product_cat-non-palettisable","9":"product_cat-usage-unique-et-entretien","10":"product_shipping_class-free-shipping","12":"first","13":"instock","14":"featured","15":"taxable","16":"shipping-taxable","17":"purchasable","18":"product-type-simple"},"_links":{"self":[{"href":"https:\/\/abinox-chr-clim.com\/index.php\/wp-json\/wp\/v2\/product\/71857","targetHints":{"allow":["GET"]}}],"collection":[{"href":"https:\/\/abinox-chr-clim.com\/index.php\/wp-json\/wp\/v2\/product"}],"about":[{"href":"https:\/\/abinox-chr-clim.com\/index.php\/wp-json\/wp\/v2\/types\/product"}],"replies":[{"embeddable":true,"href":"https:\/\/abinox-chr-clim.com\/index.php\/wp-json\/wp\/v2\/comments?post=71857"}],"wp:featuredmedia":[{"embeddable":true,"href":"https:\/\/abinox-chr-clim.com\/index.php\/wp-json\/wp\/v2\/media\/104752"}],"wp:attachment":[{"href":"https:\/\/abinox-chr-clim.com\/index.php\/wp-json\/wp\/v2\/media?parent=71857"}],"wp:term":[{"taxonomy":"product_brand","embeddable":true,"href":"https:\/\/abinox-chr-clim.com\/index.php\/wp-json\/wp\/v2\/product_brand?post=71857"},{"taxonomy":"product_cat","embeddable":true,"href":"https:\/\/abinox-chr-clim.com\/index.php\/wp-json\/wp\/v2\/product_cat?post=71857"},{"taxonomy":"product_tag","embeddable":true,"href":"https:\/\/abinox-chr-clim.com\/index.php\/wp-json\/wp\/v2\/product_tag?post=71857"}],"curies":[{"name":"wp","href":"https:\/\/api.w.org\/{rel}","templated":true}]}}