{"id":71856,"date":"2024-03-22T23:04:04","date_gmt":"2024-03-22T22:04:04","guid":{"rendered":"https:\/\/abinox-chr-clim.com\/index.php\/product\/chariot-a-linge-jantex-servo-x\/"},"modified":"2026-04-11T09:02:31","modified_gmt":"2026-04-11T07:02:31","slug":"chariot-a-linge-jantex-servo-x","status":"publish","type":"product","link":"https:\/\/abinox-chr-clim.com\/index.php\/product\/chariot-a-linge-jantex-servo-x\/","title":{"rendered":"Chariot \u00e0 linge Jantex Servo-X"},"content":{"rendered":"<p>Chariot polyvalent \u00e0 faible encombrement, se pliant \u00e0 20 % de sa taille d&rsquo;origine, pour un rangement facile. Ouvrez les clips pour retirer le sac et refermez-les. Quatre roulettes pivotantes anti-traces. Sacs suppl\u00e9mentaires vendus s\u00e9par\u00e9ment.<br \/>D\u00e9pli\u00e9 : 985(H) x 620(L) x 620(P)mm. Pli\u00e9 : 1140(H) x 585(L) x 119(P)mm. Taille r\u00e9duite de 20% lorsqu&rsquo;il est pli\u00e9. Quatre roulettes pivotantes anti-traces. Le sac se retire et se replace facilement gr\u00e2ce \u00e0 des clips. Sac de rechange: L617. D\u00e9pli\u00e9 : 985(H) x 620(L) x 620(P)mm.<\/p>\n<p>Caract\u00e9ristiques :<br \/> Capacit\u00e9 : 220 L.<br \/> Dimensions : 985(H) x 620(L) x 620(P) mm.<\/p>\n","protected":false},"excerpt":{"rendered":"<p>Chariot \u00e0 linge Jantex Servo-X<\/p>\n","protected":false},"featured_media":104751,"comment_status":"closed","ping_status":"closed","template":"","meta":[],"product_brand":[],"product_cat":[1231,1227,1297,1216],"product_tag":[],"class_list":{"0":"post-71856","1":"product","2":"type-product","3":"status-publish","4":"has-post-thumbnail","6":"product_cat-divers-nettoyage","7":"product_cat-nettoyage","8":"product_cat-non-palettisable","9":"product_cat-usage-unique-et-entretien","10":"product_shipping_class-free-shipping","12":"first","13":"instock","14":"featured","15":"taxable","16":"shipping-taxable","17":"purchasable","18":"product-type-simple"},"_links":{"self":[{"href":"https:\/\/abinox-chr-clim.com\/index.php\/wp-json\/wp\/v2\/product\/71856","targetHints":{"allow":["GET"]}}],"collection":[{"href":"https:\/\/abinox-chr-clim.com\/index.php\/wp-json\/wp\/v2\/product"}],"about":[{"href":"https:\/\/abinox-chr-clim.com\/index.php\/wp-json\/wp\/v2\/types\/product"}],"replies":[{"embeddable":true,"href":"https:\/\/abinox-chr-clim.com\/index.php\/wp-json\/wp\/v2\/comments?post=71856"}],"wp:featuredmedia":[{"embeddable":true,"href":"https:\/\/abinox-chr-clim.com\/index.php\/wp-json\/wp\/v2\/media\/104751"}],"wp:attachment":[{"href":"https:\/\/abinox-chr-clim.com\/index.php\/wp-json\/wp\/v2\/media?parent=71856"}],"wp:term":[{"taxonomy":"product_brand","embeddable":true,"href":"https:\/\/abinox-chr-clim.com\/index.php\/wp-json\/wp\/v2\/product_brand?post=71856"},{"taxonomy":"product_cat","embeddable":true,"href":"https:\/\/abinox-chr-clim.com\/index.php\/wp-json\/wp\/v2\/product_cat?post=71856"},{"taxonomy":"product_tag","embeddable":true,"href":"https:\/\/abinox-chr-clim.com\/index.php\/wp-json\/wp\/v2\/product_tag?post=71856"}],"curies":[{"name":"wp","href":"https:\/\/api.w.org\/{rel}","templated":true}]}}